{"id":18138,"date":"2016-03-25T12:33:27","date_gmt":"2016-03-25T17:33:27","guid":{"rendered":"https:\/\/www.wrmeadows.com\/?page_id=18138"},"modified":"2025-01-03T16:49:54","modified_gmt":"2025-01-03T22:49:54","slug":"productos-de-construccion-literatura","status":"publish","type":"page","link":"https:\/\/www.wrmeadows.com\/es\/esp\/productos-de-construccion-literatura\/","title":{"rendered":"Productos de Construcci\u00f3n \u2013 Literatura"},"content":{"rendered":"<p><strong>Cat\u00e1logo de Productos, Selector de Gu\u00edas y Folletos<\/strong><br \/>\n&nbsp;<\/p>\n<table width=\"100%\" class=\"table\">\n<tbody>\n<tr>\n<td colspan=\"2\" align=\"left\" valign=\"top\" bgcolor=\"#CCCCCC\"><a name=\"catalogs\"><\/a><b>CATALOGOS<\/b><\/td>\n<\/tr>\n<tr>\n<td align=\"center\" valign=\"top\" width=\"25%\"><img loading=\"lazy\" decoding=\"async\" src=\"https:\/\/www.wrmeadows.com\/pics\/97c-sm.jpg\" alt=\"Condensed Catalog\" width=\"139\" height=\"182\" border=\"1\" \/><br \/>\n  <a href=\"https:\/\/www.wrmeadows.com\/es\/literatura-formulario-de-solicitud\/\">Solicitar Imprimir Copia<\/a><\/td>\n<td valign=\"top\" width=\"75%\"><strong>Catalogo Condensado #97C \u2013 Productos de Construcci\u00f3n<\/strong><br \/>\n    Este cat\u00e1logo condensado de 28 p\u00e1ginas con productos de primera calidad proporciona una gu\u00eda r\u00e1pida y f\u00e1cil de usar, con referencia completa de fotos y descripciones de m\u00e1s de 100 de nuestros productos.<\/p>\n<p><a href=\"https:\/\/www.wrmeadows.com\/data\/97C_Spanish.pdf\" target=\"_blank\" rel=\"noopener\">PDF version<\/a> | <a href=\"https:\/\/www.wrmeadows.com\/press\/e-brochures\/97C-Spanish\/\" target=\"_blank\" rel=\"noopener\">Electronic Brochure<\/a><\/td>\n<\/tr>\n<tr>\n<td colspan=\"2\" align=\"left\" valign=\"top\" bgcolor=\"#CCCCCC\"><a name=\"br1\"><\/a><b>FOLLETOS \/ BROCHURES<\/b><\/td>\n<\/tr>\n<tr>\n<td align=\"center\" valign=\"top\"><a name=\"ASB\"><\/a><a href=\"https:\/\/www.wrmeadows.com\/es\/literatura-formulario-de-solicitud\/\"><img decoding=\"async\" src=\"https:\/\/www.wrmeadows.com\/wp-content\/uploads\/air-shield-esp.jpg\" alt=\"AIR-SHIELD brochure\" width=\"140\" border=\"0\" \/><br \/>\n    Solicitar Imprimir Copia<\/a><\/td>\n<td valign=\"top\"><strong>AIR-SHIELD Folleto<\/strong><br \/>\n    Nuestro folleto AIR-SHIELD cubre en detalles todos los productos de la l\u00ednea AIR-SHIELD, incluidos AIR-SHIELD, AIR-SHIELD LM, AIR-SHIELD LM (ALL SEASON) y AIR-SHIELD LMP. El folleto tambi\u00e9n proporciona informaci\u00f3n completa sobre los peligros de las fugas de aire no controladas y sobre c\u00f3mo se mueve el aire a trav\u00e9s de las envolturas porosas de los edificios, junto con formas de resolver estos problemas.<\/p>\n<p>  <a href=\"https:\/\/www.wrmeadows.com\/data\/Air-Shield-Brochure-esp.pdf\" target=\"_blank\" rel=\"noopener\">Versi\u00f3n PDF<\/a><\/td>\n<\/tr>\n<tr>\n<td align=\"center\" valign=\"top\"><a name=\"br8\"><\/a><a href=\"https:\/\/www.wrmeadows.com\/es\/literatura-formulario-de-solicitud\/\"><img decoding=\"async\" src=\"https:\/\/www.wrmeadows.com\/wp-content\/uploads\/INDUROsh-sp-icon.jpg\" alt=\"INDUROSHINE brochure\" width=\"140\" border=\"0\" \/><br \/>\n    Solicitar Imprimir Copia<\/a><\/td>\n<td valign=\"top\"><strong>Induroshine Folleto<\/strong><br \/>\nINDUROSHINE es un sistema completo para pulir y lijar pisos de concreto convirtiendo cualquier piso de concreto en una superficie arquitect\u00f3nica atractiva de concreto, con alto brillo, resistente al desgaste y perdurable. El sistema combina LIQUI-HARD con equipo de lijado y pulido con diamante de nuestra red de aplicadores aprobados. Esta combinaci\u00f3n permite lograr resultados insuperables en aplicaciones  de pulido y lijado de concreto. Pida este folleto para obtener informaci\u00f3n detallada sobre el proceso de INDUROSHINE.<\/p>\n<p><a href=\"http:\/\/www.wrmeadows.info\/forms\/sales_acc\/promo\/links\/Induroshine_Brochure_Spanish.pdf\" target=\"_blank\" rel=\"noopener\">Versi\u00f3n PDF<\/a><\/td>\n<\/tr>\n<tr>\n<td colspan=\"2\" align=\"left\" valign=\"top\" bgcolor=\"#CCCCCC\"><a name=\"flyers\"><\/a><b>VOLANTES<\/b><\/td>\n<\/tr>\n<tr>\n<td align=\"center\" valign=\"top\"><a href=\"https:\/\/www.wrmeadows.com\/es\/literatura-formulario-de-solicitud\/\"><img decoding=\"async\" src=\"https:\/\/www.wrmeadows.cc\/wp-content\/uploads\/2021\/10\/836-esp.jpg\" alt=\"\" width=\"150\" border=\"0\" \/><br \/>\n    Solicitar Imprimir Copia<\/a><\/td>\n<td valign=\"top\"><strong>HYDRALASTIC 836 Volante<\/strong><br \/>\n  HYDRALASTIC 836 es un compuesto impermeabilizante de un solo componente, aplicado en fr\u00edo, sin solventes. No encoge, tiene un bajo contenido de compuesto org\u00e1nico vol\u00e1til (VOC) y tiene muy poco olor. No se agrieta en el fr\u00edo extremo ni se hunde debido a ablandamiento en altas temperaturas.<\/p>\n<p>    <a href=\"https:\/\/www.wrmeadows.com\/data\/HYDRALASTIC-836-ss-Volante.pdf\" target=\"_blank\" rel=\"noopener\">PDF version<\/a><\/td>\n<\/tr>\n<tr>\n<td align=\"center\" valign=\"top\"><a href=\"https:\/\/www.wrmeadows.com\/es\/literatura-formulario-de-solicitud\/\"><img loading=\"lazy\" decoding=\"async\" src=\"https:\/\/www.wrmeadows.com\/pics\/perminator-flyer.jpg\" alt=\"\" width=\"150\" height=\"192\" border=\"0\" \/><br \/>\n    Solicitar Imprimir Copia<\/a><\/td>\n<td valign=\"top\"><strong>PERMINATOR Volante<\/strong><br \/>\n    Esta hoja informativa cuenta con fotograf\u00edas a todo color e informaci\u00f3n del producto  PERMINATOR, barrera de vapor para aplicaci\u00f3n bajo losa. Esta hoja de venta es \u00fatil para ayudar a sus colegas, empleados y clientes aprender m\u00e1s sobre el producto, y tambi\u00e9n difundir el conocimiento.<\/p>\n<p>    <a href=\"https:\/\/www.wrmeadows.com\/data\/Perminator_Spanish_SS-5.pdf\" target=\"_blank\" rel=\"noopener\">PDF version<\/a><\/td>\n<\/tr>\n<tr>\n<td align=\"center\" valign=\"top\"><a href=\"https:\/\/www.wrmeadows.com\/es\/literatura-formulario-de-solicitud\/\"><img decoding=\"async\" src=\"https:\/\/www.wrmeadows.com\/wp-content\/uploads\/pourthane-sp.jpg\" alt=\"\" width=\"150\" border=\"0\" \/><br \/>Solicitar Imprimir Copia<\/a><\/td>\n<td valign=\"top\"><strong>POURTHANE Volante<\/strong><br \/>\n  Pourthane es un sellador de juntas tixotr\u00f3pico (NS) y autonivelante (SL). Solicita esta folleto para aprender m\u00e1s sobre el producto, o simplemente para ofrecerlo en su centros de ventas.<\/p>\n<p>  <a href=\"https:\/\/www.wrmeadows.com\/data\/Pourthane-Flyer-sp.pdf\" target=\"_blank\" rel=\"noopener\">PDF version<\/a><\/td>\n<\/tr>\n<\/tbody>\n<\/table>\n<p>&nbsp;<\/p>\n","protected":false},"excerpt":{"rendered":"<p>Cat\u00e1logo de Productos, Selector de Gu\u00edas y Folletos &nbsp; CATALOGOS Solicitar Imprimir Copia Catalogo Condensado #97C \u2013 Productos de Construcci\u00f3n Este cat\u00e1logo condensado de 28 p\u00e1ginas con productos de primera&hellip;<\/p>\n","protected":false},"author":1,"featured_media":0,"parent":18102,"menu_order":0,"comment_status":"closed","ping_status":"closed","template":"","meta":{"_acf_changed":false,"content-type":"","_genesis_hide_title":false,"_genesis_hide_breadcrumbs":false,"_genesis_hide_singular_image":false,"_genesis_hide_footer_widgets":false,"_genesis_custom_body_class":"","_genesis_custom_post_class":"","_genesis_layout":"full-width-content","footnotes":""},"class_list":["post-18138","page","type-page","status-publish","entry"],"acf":[],"yoast_head":"<!-- This site is optimized with the Yoast SEO Premium plugin v27.4 (Yoast SEO v27.4) - https:\/\/yoast.com\/product\/yoast-seo-premium-wordpress\/ -->\n<title>Productos de Construcci\u00f3n \u2013 Literatura - W. R. Meadows<\/title>\n<meta name=\"robots\" content=\"index, follow, max-snippet:-1, max-image-preview:large, max-video-preview:-1\" \/>\n<link rel=\"canonical\" href=\"https:\/\/www.wrmeadows.com\/es\/esp\/productos-de-construccion-literatura\/\" \/>\n<meta property=\"og:locale\" content=\"en_US\" \/>\n<meta property=\"og:type\" content=\"article\" \/>\n<meta property=\"og:title\" content=\"Productos de Construcci\u00f3n \u2013 Literatura\" \/>\n<meta property=\"og:url\" content=\"https:\/\/www.wrmeadows.com\/es\/esp\/productos-de-construccion-literatura\/\" \/>\n<meta property=\"og:site_name\" content=\"W. R. Meadows\" \/>\n<meta property=\"article:publisher\" content=\"https:\/\/www.facebook.com\/wrmeadows\" \/>\n<meta property=\"article:modified_time\" content=\"2025-01-03T22:49:54+00:00\" \/>\n<meta property=\"og:image\" content=\"https:\/\/www.wrmeadows.com\/pics\/97c-sm.jpg\" \/>\n<meta name=\"twitter:card\" content=\"summary_large_image\" \/>\n<meta name=\"twitter:site\" content=\"@wrmeadows\" \/>\n<meta name=\"twitter:label1\" content=\"Tiempo de lectura\" \/>\n\t<meta name=\"twitter:data1\" content=\"2 minutos\" \/>\n<script type=\"application\/ld+json\" class=\"yoast-schema-graph\">{\"@context\":\"https:\\\/\\\/schema.org\",\"@graph\":[{\"@type\":\"WebPage\",\"@id\":\"https:\\\/\\\/www.wrmeadows.com\\\/es\\\/esp\\\/productos-de-construccion-literatura\\\/\",\"url\":\"https:\\\/\\\/www.wrmeadows.com\\\/es\\\/esp\\\/productos-de-construccion-literatura\\\/\",\"name\":\"Productos de Construcci\u00f3n \u2013 Literatura - W. R. Meadows\",\"isPartOf\":{\"@id\":\"https:\\\/\\\/www.wrmeadows.com\\\/es\\\/#website\"},\"primaryImageOfPage\":{\"@id\":\"https:\\\/\\\/www.wrmeadows.com\\\/es\\\/esp\\\/productos-de-construccion-literatura\\\/#primaryimage\"},\"image\":{\"@id\":\"https:\\\/\\\/www.wrmeadows.com\\\/es\\\/esp\\\/productos-de-construccion-literatura\\\/#primaryimage\"},\"thumbnailUrl\":\"https:\\\/\\\/www.wrmeadows.com\\\/pics\\\/97c-sm.jpg\",\"datePublished\":\"2016-03-25T17:33:27+00:00\",\"dateModified\":\"2025-01-03T22:49:54+00:00\",\"breadcrumb\":{\"@id\":\"https:\\\/\\\/www.wrmeadows.com\\\/es\\\/esp\\\/productos-de-construccion-literatura\\\/#breadcrumb\"},\"inLanguage\":\"es\",\"potentialAction\":[{\"@type\":\"ReadAction\",\"target\":[\"https:\\\/\\\/www.wrmeadows.com\\\/es\\\/esp\\\/productos-de-construccion-literatura\\\/\"]}]},{\"@type\":\"ImageObject\",\"inLanguage\":\"es\",\"@id\":\"https:\\\/\\\/www.wrmeadows.com\\\/es\\\/esp\\\/productos-de-construccion-literatura\\\/#primaryimage\",\"url\":\"https:\\\/\\\/www.wrmeadows.com\\\/pics\\\/97c-sm.jpg\",\"contentUrl\":\"https:\\\/\\\/www.wrmeadows.com\\\/pics\\\/97c-sm.jpg\"},{\"@type\":\"BreadcrumbList\",\"@id\":\"https:\\\/\\\/www.wrmeadows.com\\\/es\\\/esp\\\/productos-de-construccion-literatura\\\/#breadcrumb\",\"itemListElement\":[{\"@type\":\"ListItem\",\"position\":1,\"name\":\"Home\",\"item\":\"https:\\\/\\\/www.wrmeadows.com\\\/es\\\/\"},{\"@type\":\"ListItem\",\"position\":2,\"name\":\"W. R. MEADOWS Espa\u00f1ol\",\"item\":\"https:\\\/\\\/www.wrmeadows.com\\\/es\\\/esp\\\/\"},{\"@type\":\"ListItem\",\"position\":3,\"name\":\"Productos de Construcci\u00f3n \u2013 Literatura\"}]},{\"@type\":\"WebSite\",\"@id\":\"https:\\\/\\\/www.wrmeadows.com\\\/es\\\/#website\",\"url\":\"https:\\\/\\\/www.wrmeadows.com\\\/es\\\/\",\"name\":\"W. R. Meadows\",\"description\":\"Concrete Construction Products Manufacturer\",\"publisher\":{\"@id\":\"https:\\\/\\\/www.wrmeadows.com\\\/es\\\/#organization\"},\"potentialAction\":[{\"@type\":\"SearchAction\",\"target\":{\"@type\":\"EntryPoint\",\"urlTemplate\":\"https:\\\/\\\/www.wrmeadows.com\\\/es\\\/?s={search_term_string}\"},\"query-input\":{\"@type\":\"PropertyValueSpecification\",\"valueRequired\":true,\"valueName\":\"search_term_string\"}}],\"inLanguage\":\"es\"},{\"@type\":\"Organization\",\"@id\":\"https:\\\/\\\/www.wrmeadows.com\\\/es\\\/#organization\",\"name\":\"W. R. Meadows\",\"url\":\"https:\\\/\\\/www.wrmeadows.com\\\/es\\\/\",\"logo\":{\"@type\":\"ImageObject\",\"inLanguage\":\"es\",\"@id\":\"https:\\\/\\\/www.wrmeadows.com\\\/es\\\/#\\\/schema\\\/logo\\\/image\\\/\",\"url\":\"https:\\\/\\\/www.wrmeadows.com\\\/wp-content\\\/uploads\\\/logo-3.jpg\",\"contentUrl\":\"https:\\\/\\\/www.wrmeadows.com\\\/wp-content\\\/uploads\\\/logo-3.jpg\",\"width\":709,\"height\":709,\"caption\":\"W. R. Meadows\"},\"image\":{\"@id\":\"https:\\\/\\\/www.wrmeadows.com\\\/es\\\/#\\\/schema\\\/logo\\\/image\\\/\"},\"sameAs\":[\"https:\\\/\\\/www.facebook.com\\\/wrmeadows\",\"https:\\\/\\\/x.com\\\/wrmeadows\",\"https:\\\/\\\/www.linkedin.com\\\/company\\\/w-r-meadows-inc\",\"https:\\\/\\\/www.youtube.com\\\/WrmeadowsTraining\",\"https:\\\/\\\/www.instagram.com\\\/wrmeadowsinc\\\/\"]}]}<\/script>\n<!-- \/ Yoast SEO Premium plugin. -->","yoast_head_json":{"title":"Productos de Construcci\u00f3n \u2013 Literatura - W. R. Meadows","robots":{"index":"index","follow":"follow","max-snippet":"max-snippet:-1","max-image-preview":"max-image-preview:large","max-video-preview":"max-video-preview:-1"},"canonical":"https:\/\/www.wrmeadows.com\/es\/esp\/productos-de-construccion-literatura\/","og_locale":"en_US","og_type":"article","og_title":"Productos de Construcci\u00f3n \u2013 Literatura","og_url":"https:\/\/www.wrmeadows.com\/es\/esp\/productos-de-construccion-literatura\/","og_site_name":"W. R. Meadows","article_publisher":"https:\/\/www.facebook.com\/wrmeadows","article_modified_time":"2025-01-03T22:49:54+00:00","og_image":[{"url":"https:\/\/www.wrmeadows.com\/pics\/97c-sm.jpg","type":"","width":"","height":""}],"twitter_card":"summary_large_image","twitter_site":"@wrmeadows","twitter_misc":{"Tiempo de lectura":"2 minutos"},"schema":{"@context":"https:\/\/schema.org","@graph":[{"@type":"WebPage","@id":"https:\/\/www.wrmeadows.com\/es\/esp\/productos-de-construccion-literatura\/","url":"https:\/\/www.wrmeadows.com\/es\/esp\/productos-de-construccion-literatura\/","name":"Productos de Construcci\u00f3n \u2013 Literatura - W. R. Meadows","isPartOf":{"@id":"https:\/\/www.wrmeadows.com\/es\/#website"},"primaryImageOfPage":{"@id":"https:\/\/www.wrmeadows.com\/es\/esp\/productos-de-construccion-literatura\/#primaryimage"},"image":{"@id":"https:\/\/www.wrmeadows.com\/es\/esp\/productos-de-construccion-literatura\/#primaryimage"},"thumbnailUrl":"https:\/\/www.wrmeadows.com\/pics\/97c-sm.jpg","datePublished":"2016-03-25T17:33:27+00:00","dateModified":"2025-01-03T22:49:54+00:00","breadcrumb":{"@id":"https:\/\/www.wrmeadows.com\/es\/esp\/productos-de-construccion-literatura\/#breadcrumb"},"inLanguage":"es","potentialAction":[{"@type":"ReadAction","target":["https:\/\/www.wrmeadows.com\/es\/esp\/productos-de-construccion-literatura\/"]}]},{"@type":"ImageObject","inLanguage":"es","@id":"https:\/\/www.wrmeadows.com\/es\/esp\/productos-de-construccion-literatura\/#primaryimage","url":"https:\/\/www.wrmeadows.com\/pics\/97c-sm.jpg","contentUrl":"https:\/\/www.wrmeadows.com\/pics\/97c-sm.jpg"},{"@type":"BreadcrumbList","@id":"https:\/\/www.wrmeadows.com\/es\/esp\/productos-de-construccion-literatura\/#breadcrumb","itemListElement":[{"@type":"ListItem","position":1,"name":"Home","item":"https:\/\/www.wrmeadows.com\/es\/"},{"@type":"ListItem","position":2,"name":"W. R. MEADOWS Espa\u00f1ol","item":"https:\/\/www.wrmeadows.com\/es\/esp\/"},{"@type":"ListItem","position":3,"name":"Productos de Construcci\u00f3n \u2013 Literatura"}]},{"@type":"WebSite","@id":"https:\/\/www.wrmeadows.com\/es\/#website","url":"https:\/\/www.wrmeadows.com\/es\/","name":"W. R. Meadows","description":"Concrete Construction Products Manufacturer","publisher":{"@id":"https:\/\/www.wrmeadows.com\/es\/#organization"},"potentialAction":[{"@type":"SearchAction","target":{"@type":"EntryPoint","urlTemplate":"https:\/\/www.wrmeadows.com\/es\/?s={search_term_string}"},"query-input":{"@type":"PropertyValueSpecification","valueRequired":true,"valueName":"search_term_string"}}],"inLanguage":"es"},{"@type":"Organization","@id":"https:\/\/www.wrmeadows.com\/es\/#organization","name":"W. R. Meadows","url":"https:\/\/www.wrmeadows.com\/es\/","logo":{"@type":"ImageObject","inLanguage":"es","@id":"https:\/\/www.wrmeadows.com\/es\/#\/schema\/logo\/image\/","url":"https:\/\/www.wrmeadows.com\/wp-content\/uploads\/logo-3.jpg","contentUrl":"https:\/\/www.wrmeadows.com\/wp-content\/uploads\/logo-3.jpg","width":709,"height":709,"caption":"W. R. Meadows"},"image":{"@id":"https:\/\/www.wrmeadows.com\/es\/#\/schema\/logo\/image\/"},"sameAs":["https:\/\/www.facebook.com\/wrmeadows","https:\/\/x.com\/wrmeadows","https:\/\/www.linkedin.com\/company\/w-r-meadows-inc","https:\/\/www.youtube.com\/WrmeadowsTraining","https:\/\/www.instagram.com\/wrmeadowsinc\/"]}]}},"_links":{"self":[{"href":"https:\/\/www.wrmeadows.com\/es\/wp-json\/wp\/v2\/pages\/18138","targetHints":{"allow":["GET"]}}],"collection":[{"href":"https:\/\/www.wrmeadows.com\/es\/wp-json\/wp\/v2\/pages"}],"about":[{"href":"https:\/\/www.wrmeadows.com\/es\/wp-json\/wp\/v2\/types\/page"}],"author":[{"embeddable":true,"href":"https:\/\/www.wrmeadows.com\/es\/wp-json\/wp\/v2\/users\/1"}],"replies":[{"embeddable":true,"href":"https:\/\/www.wrmeadows.com\/es\/wp-json\/wp\/v2\/comments?post=18138"}],"version-history":[{"count":2,"href":"https:\/\/www.wrmeadows.com\/es\/wp-json\/wp\/v2\/pages\/18138\/revisions"}],"predecessor-version":[{"id":70548,"href":"https:\/\/www.wrmeadows.com\/es\/wp-json\/wp\/v2\/pages\/18138\/revisions\/70548"}],"up":[{"embeddable":true,"href":"https:\/\/www.wrmeadows.com\/es\/wp-json\/wp\/v2\/pages\/18102"}],"wp:attachment":[{"href":"https:\/\/www.wrmeadows.com\/es\/wp-json\/wp\/v2\/media?parent=18138"}],"curies":[{"name":"wp","href":"https:\/\/api.w.org\/{rel}","templated":true}]}}