{"id":53916,"date":"2022-02-23T17:14:35","date_gmt":"2022-02-23T23:14:35","guid":{"rendered":"https:\/\/www.wrmeadows.com\/?page_id=53916"},"modified":"2022-02-23T17:14:35","modified_gmt":"2022-02-23T23:14:35","slug":"como-elegir-el-sellador-de-terraza-de-piscina-para-concreto-correcto","status":"publish","type":"page","link":"https:\/\/www.wrmeadows.com\/es\/como-elegir-el-sellador-de-terraza-de-piscina-para-concreto-correcto\/","title":{"rendered":"C\u00f3mo elegir el sellador de terraza de piscina para concreto correcto"},"content":{"rendered":"<p>Si usted es como la mayor\u00eda de los due\u00f1os de casa con una piscina al nivel de suelo, estar\u00e1 desconcertado por el sinn\u00famero de informaci\u00f3n para el mantenimiento del concreto decorativo y de los selladores de concreto para terrazas de piscina de concreto. Incluso el concreto, <em>si<\/em> pudiera hablar, admitir\u00eda que es <em>mucho<\/em> lo que hay que entender. (como informaci\u00f3n, si alguna vez investiga en l\u00ednea, los productos de construcci\u00f3n para piscinas de concreto tambi\u00e9n se llaman <strong>&#8220;<\/strong><strong>l\u00edquidos de construcci\u00f3n&#8221;<\/strong>). Tenga presente que este art\u00edculo solo se refiere a las terrazas de piscina de concreto para piscinas a nivel de suelo y no para las terrazas de madera que tienden a rodear las piscinas sobre el nivel de suelo.<\/p>\n<p>Afortunadamente,\u00a0<strong>Jim Dill, gerente de la divisi\u00f3n DECK-O-SEAL\u00a0<\/strong>no es alguien que mida sus palabras (DECK-O-SEAL es una subsidiaria de W.\u00a0R.\u00a0MEADOWS). Jim encontr\u00f3 un atajo para ense\u00f1ar cu\u00e1l es el sellador de terraza de piscina correcto para mantener una terraza de piscina de concreto o una terraza de concreto creativo.<\/p>\n<p>Se podr\u00eda decir que Jim es un \u201cexperto en selladores\u201d. Jim tiene 35 a\u00f1os de experiencia en la industria de los selladores, 18 a\u00f1os en selladores espec\u00edficos para el concreto de piscinas, y fue el presidente del consejo de fabricantes APSP (<a href=\"https:\/\/webstore.ansi.org\/SDO\/APSP\">Asociaci\u00f3n de profesionales de piscinas y spa<\/a>). A continuaci\u00f3n, encontrar\u00e1 el resumen explicativo simplificado para elegir el sellador de terrazas de piscina ideal.<\/p>\n<p>C\u00f3mo desea que se vea la terraza de piscina de concreto: Imagine con acabado muy brillante, mate o satinado<\/p>\n<p>Seg\u00fan Jim, ya sea que tenga concreto estampado, concreto manchado, piedra o concreto simple, la elecci\u00f3n de sellador de terraza de piscina para concreto se reduce a esto<strong><em>: piense en estos selladores como si fueran recubrimientos de pintura de la pared.<\/em><\/strong>\u00a0Algunos selladores parecen pintura muy brillante, otros son m\u00e1s un tinte mate y algunos parecen m\u00e1s c\u00e1scara de huevo o pintura satinada, donde apenas hay un leve brillo, casi imperceptible.<\/p>\n<p>Opci\u00f3n n.\u00ba\u00a01: Sellador de terraza de piscina con un acabado brillante<\/p>\n<p>Los productos de selladores acr\u00edlicos para concreto (como el producto DECK-O-GRIP), le entregar\u00e1 al concreto una apariencia m\u00e1s brillante y m\u00e1s mojada que har\u00e1 que el color resalte, as\u00ed que se ver\u00e1 tan empapado y vibrante como una piedra que se acaba de poner bajo el agua. Pero no deje que la apariencia mojada y brillante lo enga\u00f1e. Esto tambi\u00e9n entrega una superficie antideslizante en un \u00e1rea normalmente resbalosa.<\/p>\n<p>Opci\u00f3n n.\u00ba\u00a02: Sellador de terraza de piscina con un acabado mate<\/p>\n<p>Digamos que no desea alterar para nada la apariencia del concreto y desea un acabado mate. Aqu\u00ed es cuando un sellador tipo penetraci\u00f3n como la l\u00ednea DECK-O-SHIELD con base de agua entra en acci\u00f3n.<\/p>\n<p>Este tipo de sellador penetrante conseguir\u00e1 la apariencia natural que est\u00e1 buscando y seguir\u00e1 vi\u00e9ndose como <em>antes<\/em> del tratamiento, salvo que ahora estar\u00e1 protegido. Consid\u00e9relo como un estilo de pintura mate que realmente no cambia la apariencia.<\/p>\n<p>Opci\u00f3n n.\u00ba\u00a03: Sellador de terraza de piscina con acabado satinado o de c\u00e1scara de huevo<\/p>\n<p>Cuando Jim demuestra el estilo de pintura satinada del acabado del sellador (como el Decra-Seal Natural), lo hace pasando un pa\u00f1o mojado por la superficie de concreto. Esto oscurece sutilmente el color y lo potencia, lo que es el ejemplo visual m\u00e1s cercano a c\u00f3mo se ver\u00e1 el sellador penetrante en el concreto. Har\u00e1 que los rojos o los verdes resalten, pero es un acabado de c\u00e1scara de huevo sin una apariencia realmente brillante.<\/p>\n<p>\u00bfQu\u00e9 sellador de terraza de piscina me entrega una textura del concreto antideslizante?<\/p>\n<p>Dependiendo de la apariencia que desee conseguir, puede usar tanto un sellador con base de agua o un sellador con base de solvente, pero aseg\u00farese de comprar la versi\u00f3n antideslizante de cada sellador. Eso debe aparecer claramente marcado en la etiqueta.<\/p>\n<p>Adem\u00e1s de la apariencia del sellador, debe considerar <em>d\u00f3nde<\/em> lo aplicar\u00e1. Una terraza de piscina interior <strong><em>siempre<\/em><\/strong> se debe sellar con un sellador con base de agua. Una terraza de piscina exterior se puede sellar con un sellador con base de agua o uno con base de solvente, pero debe revisar el reglamento sobre los Compuestos org\u00e1nicos vol\u00e1tiles (VOC) de su \u00e1rea.<\/p>\n<p>\u00bfC\u00f3mo sabr\u00e9 si necesito volver a aplicar sellador de terraza de piscina o cu\u00e1ndo debo aplicarlo?<\/p>\n<p>Para la mayor\u00eda de los due\u00f1os de piscina, hay una zona de tr\u00e1nsito de tres pies de ancho que soporta el mayor abuso de tr\u00e1nsito de pies. Puede probar la integridad de su sellador en la zona de tr\u00e1nsito con una botella de agua. Mientras camina, deje que gotee y gotee durante todo el trayecto, como una manguera con rociado leve. En el lugar en que cae el agua, si tiende a esparcirse, entonces sabr\u00e1 <em>que<\/em> es el lugar donde debe volver a aplicar sellador. Si el agua se agrupa en gotas sobre la superficie de concreto, la terraza de la piscina a\u00fan est\u00e1 sellada.<\/p>\n<p>Cuando considere volver a aplicar, debe considerar las condiciones clim\u00e1ticas de donde vive, la rigurosidad de la \u00faltima aplicaci\u00f3n y el producto que utiliz\u00f3. Jim se\u00f1al\u00f3 que la nueva aplicaci\u00f3n puede variar entre cada tres a\u00f1os a cada 15 a\u00f1os. Depende del tr\u00e1nsito y de la integridad de su concreto o piedra.<\/p>\n<p>\u00bfC\u00f3mo aplico el sellador de la terraza de piscina de concreto?<\/p>\n<p>Considere el sellado de la terraza como lo har\u00eda con la pintura de un piso en su casa: quiz\u00e1s el piso del subterr\u00e1neo, salvo que est\u00e1 usando pintura transparente. Ya sea que est\u00e9 usando un sellador de terraza de piscina con base de agua o con base de solvente, para aplicar cualquiera de estos, debe usar un rociador y un rodillo para pintar largo (a menos de que sea un aficionado a estar en cuclillas). Siempre siga las instrucciones entregadas por el fabricante para garantizar una aplicaci\u00f3n segura y precisa.<\/p>\n<p>\u00bfCu\u00e1l es el tiempo de secado para el sellador de terraza de piscina?<\/p>\n<p>El tiempo de secado para los selladores de terrazas de piscina con base de agua es de unas 4 horas. Para los selladores de terrazas de piscina con base de solvente, puede esperar un tiempo de secado de aproximadamente 1 hora.<\/p>\n<p>Nota: Siempre damos estas estimaciones con la advertencia de \u201clos resultados pueden variar\u201d, porque depender\u00e1 de la calidad del concreto o piedra, la temperatura y el nivel de la humedad relativa.<\/p>\n<p>\u00bfQu\u00e9 pasa si vuelvo a aplicar sellador de terraza de piscina en d\u00f3nde no es necesario?<\/p>\n<p>Si aplica el producto de sellador de terraza de piscina para concreto y se forman gotas sobre s\u00ed mismo, debe cambiarse a otro lugar. Una vez que alcanza su nivel \u00f3ptimo de absorci\u00f3n del sellador, rechazar\u00e1 lo que le ponga mediante la creaci\u00f3n de gotas. En este momento, si intenta volver a aplicar m\u00e1s sellador, solo se crear\u00e1 un desastre pegajoso.<\/p>\n<p>\u00bfAlguno de los productos qu\u00edmicos para mi piscina afectar\u00e1 la vida \u00fatil del sellador de terraza de piscina?<\/p>\n<p>Jim nos cuenta que el cloro no da\u00f1a la vida \u00fatil del sellador de terraza de piscina, pero el \u00e1cido muri\u00e1tico s\u00ed lo afectar\u00e1 \u201cun poco\u201d. Los t\u00e9cnicos de piscinas usan \u00e1cido muri\u00e1tico en las piscinas para bajar el pH y realizar una limpieza profunda de los filtros de la piscina. Jim ha observado que en algunas ocasiones, los t\u00e9cnicos no fueron tan meticulosos como quisieran los due\u00f1os, y se derram\u00f3 \u00e1cido muri\u00e1tico sobre el sellador de terraza de piscina.<\/p>\n<p>\u00bfCu\u00e1l es el sellador de terraza de piscina adecuado para usted? Una lista de verificaci\u00f3n \u00fatil:<\/p>\n<p>__Quiero una apariencia mojada y brillante que realmente destaque el color.<\/p>\n<p>(Respuesta: Productos de selladores acr\u00edlicos para concreto)<\/p>\n<p>__Quiero una terraza de piscina de concreto con apariencia natural.<\/p>\n<p>(Respuesta: Sellador penetrante con base de agua)<\/p>\n<p>__Quiero una superficie antideslizante en mi terraza de piscina de concreto.<\/p>\n<p>(Respuesta: Selladores con base de agua\u00a0<strong><em>o<\/em><\/strong>\u00a0con base de solvente)<\/p>\n<p>__Quiero un sellador para concreto de secado r\u00e1pido.<\/p>\n<p>(Respuesta: El sellador con base de solvente seca en 1 hora)<\/p>\n<p>__Quiero un sellador que cumpla con las exigencias locales de Compuestos org\u00e1nicos vol\u00e1tiles (VOC).<\/p>\n<p>(Respuesta: Siempre revise los reglamentos de EPA de su estado, revise la etiqueta del producto y revise la hoja de datos de seguridad del material, la hoja de datos del producto y el sitio web del fabricante para obtener informaci\u00f3n de cumplimiento).<\/p>\n<p>Si tiene alguna consulta sobre el mantenimiento de la terraza de piscina, los selladores o las aplicaciones que no hemos abordado en este art\u00edculo, no dude en comunicarse con nosotros. Si desea revisar nuestra l\u00ednea de productos\u00a0<a href=\"https:\/\/deckoseal.com\/\"><strong>DECK-O-SEAL<\/strong><\/a>, y desea encontrar un distribuidor en su \u00e1rea,\u00a0<a href=\"https:\/\/www.deckoseal.com\/dealer-location-inquiry\/\"><strong>haga clic aqu\u00ed<\/strong><\/a>.<\/p>\n","protected":false},"excerpt":{"rendered":"<p>Si usted es como la mayor\u00eda de los due\u00f1os de casa con una piscina al nivel de suelo, estar\u00e1 desconcertado por el sinn\u00famero de informaci\u00f3n para el mantenimiento del concreto&hellip;<\/p>\n","protected":false},"author":1,"featured_media":0,"parent":0,"menu_order":0,"comment_status":"closed","ping_status":"closed","template":"","meta":{"_acf_changed":false,"content-type":"","_genesis_hide_title":false,"_genesis_hide_breadcrumbs":false,"_genesis_hide_singular_image":false,"_genesis_hide_footer_widgets":false,"_genesis_custom_body_class":"","_genesis_custom_post_class":"","_genesis_layout":"","footnotes":""},"class_list":["post-53916","page","type-page","status-publish","entry"],"acf":[],"yoast_head":"<!-- This site is optimized with the Yoast SEO Premium plugin v27.4 (Yoast SEO v27.4) - https:\/\/yoast.com\/product\/yoast-seo-premium-wordpress\/ -->\n<title>C\u00f3mo elegir el sellador de terraza de piscina para concreto correcto - W. R. Meadows<\/title>\n<meta name=\"robots\" content=\"index, follow, max-snippet:-1, max-image-preview:large, max-video-preview:-1\" \/>\n<link rel=\"canonical\" href=\"https:\/\/www.wrmeadows.com\/es\/como-elegir-el-sellador-de-terraza-de-piscina-para-concreto-correcto\/\" \/>\n<meta property=\"og:locale\" content=\"en_US\" \/>\n<meta property=\"og:type\" content=\"article\" \/>\n<meta property=\"og:title\" content=\"C\u00f3mo elegir el sellador de terraza de piscina para concreto correcto\" \/>\n<meta property=\"og:url\" content=\"https:\/\/www.wrmeadows.com\/es\/como-elegir-el-sellador-de-terraza-de-piscina-para-concreto-correcto\/\" \/>\n<meta property=\"og:site_name\" content=\"W. R. Meadows\" \/>\n<meta property=\"article:publisher\" content=\"https:\/\/www.facebook.com\/wrmeadows\" \/>\n<meta name=\"twitter:card\" content=\"summary_large_image\" \/>\n<meta name=\"twitter:site\" content=\"@wrmeadows\" \/>\n<meta name=\"twitter:label1\" content=\"Tiempo de lectura\" \/>\n\t<meta name=\"twitter:data1\" content=\"8 minutos\" \/>\n<script type=\"application\/ld+json\" class=\"yoast-schema-graph\">{\"@context\":\"https:\\\/\\\/schema.org\",\"@graph\":[{\"@type\":\"WebPage\",\"@id\":\"https:\\\/\\\/www.wrmeadows.com\\\/es\\\/como-elegir-el-sellador-de-terraza-de-piscina-para-concreto-correcto\\\/\",\"url\":\"https:\\\/\\\/www.wrmeadows.com\\\/es\\\/como-elegir-el-sellador-de-terraza-de-piscina-para-concreto-correcto\\\/\",\"name\":\"C\u00f3mo elegir el sellador de terraza de piscina para concreto correcto - W. R. Meadows\",\"isPartOf\":{\"@id\":\"https:\\\/\\\/www.wrmeadows.com\\\/es\\\/#website\"},\"datePublished\":\"2022-02-23T23:14:35+00:00\",\"breadcrumb\":{\"@id\":\"https:\\\/\\\/www.wrmeadows.com\\\/es\\\/como-elegir-el-sellador-de-terraza-de-piscina-para-concreto-correcto\\\/#breadcrumb\"},\"inLanguage\":\"es\",\"potentialAction\":[{\"@type\":\"ReadAction\",\"target\":[\"https:\\\/\\\/www.wrmeadows.com\\\/es\\\/como-elegir-el-sellador-de-terraza-de-piscina-para-concreto-correcto\\\/\"]}]},{\"@type\":\"BreadcrumbList\",\"@id\":\"https:\\\/\\\/www.wrmeadows.com\\\/es\\\/como-elegir-el-sellador-de-terraza-de-piscina-para-concreto-correcto\\\/#breadcrumb\",\"itemListElement\":[{\"@type\":\"ListItem\",\"position\":1,\"name\":\"Home\",\"item\":\"https:\\\/\\\/www.wrmeadows.com\\\/es\\\/\"},{\"@type\":\"ListItem\",\"position\":2,\"name\":\"C\u00f3mo elegir el sellador de terraza de piscina para concreto correcto\"}]},{\"@type\":\"WebSite\",\"@id\":\"https:\\\/\\\/www.wrmeadows.com\\\/es\\\/#website\",\"url\":\"https:\\\/\\\/www.wrmeadows.com\\\/es\\\/\",\"name\":\"W. R. Meadows\",\"description\":\"Concrete Construction Products Manufacturer\",\"publisher\":{\"@id\":\"https:\\\/\\\/www.wrmeadows.com\\\/es\\\/#organization\"},\"potentialAction\":[{\"@type\":\"SearchAction\",\"target\":{\"@type\":\"EntryPoint\",\"urlTemplate\":\"https:\\\/\\\/www.wrmeadows.com\\\/es\\\/?s={search_term_string}\"},\"query-input\":{\"@type\":\"PropertyValueSpecification\",\"valueRequired\":true,\"valueName\":\"search_term_string\"}}],\"inLanguage\":\"es\"},{\"@type\":\"Organization\",\"@id\":\"https:\\\/\\\/www.wrmeadows.com\\\/es\\\/#organization\",\"name\":\"W. R. Meadows\",\"url\":\"https:\\\/\\\/www.wrmeadows.com\\\/es\\\/\",\"logo\":{\"@type\":\"ImageObject\",\"inLanguage\":\"es\",\"@id\":\"https:\\\/\\\/www.wrmeadows.com\\\/es\\\/#\\\/schema\\\/logo\\\/image\\\/\",\"url\":\"https:\\\/\\\/www.wrmeadows.com\\\/wp-content\\\/uploads\\\/logo-3.jpg\",\"contentUrl\":\"https:\\\/\\\/www.wrmeadows.com\\\/wp-content\\\/uploads\\\/logo-3.jpg\",\"width\":709,\"height\":709,\"caption\":\"W. R. Meadows\"},\"image\":{\"@id\":\"https:\\\/\\\/www.wrmeadows.com\\\/es\\\/#\\\/schema\\\/logo\\\/image\\\/\"},\"sameAs\":[\"https:\\\/\\\/www.facebook.com\\\/wrmeadows\",\"https:\\\/\\\/x.com\\\/wrmeadows\",\"https:\\\/\\\/www.linkedin.com\\\/company\\\/w-r-meadows-inc\",\"https:\\\/\\\/www.youtube.com\\\/WrmeadowsTraining\",\"https:\\\/\\\/www.instagram.com\\\/wrmeadowsinc\\\/\"]}]}<\/script>\n<!-- \/ Yoast SEO Premium plugin. -->","yoast_head_json":{"title":"C\u00f3mo elegir el sellador de terraza de piscina para concreto correcto - W. R. Meadows","robots":{"index":"index","follow":"follow","max-snippet":"max-snippet:-1","max-image-preview":"max-image-preview:large","max-video-preview":"max-video-preview:-1"},"canonical":"https:\/\/www.wrmeadows.com\/es\/como-elegir-el-sellador-de-terraza-de-piscina-para-concreto-correcto\/","og_locale":"en_US","og_type":"article","og_title":"C\u00f3mo elegir el sellador de terraza de piscina para concreto correcto","og_url":"https:\/\/www.wrmeadows.com\/es\/como-elegir-el-sellador-de-terraza-de-piscina-para-concreto-correcto\/","og_site_name":"W. R. Meadows","article_publisher":"https:\/\/www.facebook.com\/wrmeadows","twitter_card":"summary_large_image","twitter_site":"@wrmeadows","twitter_misc":{"Tiempo de lectura":"8 minutos"},"schema":{"@context":"https:\/\/schema.org","@graph":[{"@type":"WebPage","@id":"https:\/\/www.wrmeadows.com\/es\/como-elegir-el-sellador-de-terraza-de-piscina-para-concreto-correcto\/","url":"https:\/\/www.wrmeadows.com\/es\/como-elegir-el-sellador-de-terraza-de-piscina-para-concreto-correcto\/","name":"C\u00f3mo elegir el sellador de terraza de piscina para concreto correcto - W. R. Meadows","isPartOf":{"@id":"https:\/\/www.wrmeadows.com\/es\/#website"},"datePublished":"2022-02-23T23:14:35+00:00","breadcrumb":{"@id":"https:\/\/www.wrmeadows.com\/es\/como-elegir-el-sellador-de-terraza-de-piscina-para-concreto-correcto\/#breadcrumb"},"inLanguage":"es","potentialAction":[{"@type":"ReadAction","target":["https:\/\/www.wrmeadows.com\/es\/como-elegir-el-sellador-de-terraza-de-piscina-para-concreto-correcto\/"]}]},{"@type":"BreadcrumbList","@id":"https:\/\/www.wrmeadows.com\/es\/como-elegir-el-sellador-de-terraza-de-piscina-para-concreto-correcto\/#breadcrumb","itemListElement":[{"@type":"ListItem","position":1,"name":"Home","item":"https:\/\/www.wrmeadows.com\/es\/"},{"@type":"ListItem","position":2,"name":"C\u00f3mo elegir el sellador de terraza de piscina para concreto correcto"}]},{"@type":"WebSite","@id":"https:\/\/www.wrmeadows.com\/es\/#website","url":"https:\/\/www.wrmeadows.com\/es\/","name":"W. R. Meadows","description":"Concrete Construction Products Manufacturer","publisher":{"@id":"https:\/\/www.wrmeadows.com\/es\/#organization"},"potentialAction":[{"@type":"SearchAction","target":{"@type":"EntryPoint","urlTemplate":"https:\/\/www.wrmeadows.com\/es\/?s={search_term_string}"},"query-input":{"@type":"PropertyValueSpecification","valueRequired":true,"valueName":"search_term_string"}}],"inLanguage":"es"},{"@type":"Organization","@id":"https:\/\/www.wrmeadows.com\/es\/#organization","name":"W. R. Meadows","url":"https:\/\/www.wrmeadows.com\/es\/","logo":{"@type":"ImageObject","inLanguage":"es","@id":"https:\/\/www.wrmeadows.com\/es\/#\/schema\/logo\/image\/","url":"https:\/\/www.wrmeadows.com\/wp-content\/uploads\/logo-3.jpg","contentUrl":"https:\/\/www.wrmeadows.com\/wp-content\/uploads\/logo-3.jpg","width":709,"height":709,"caption":"W. R. Meadows"},"image":{"@id":"https:\/\/www.wrmeadows.com\/es\/#\/schema\/logo\/image\/"},"sameAs":["https:\/\/www.facebook.com\/wrmeadows","https:\/\/x.com\/wrmeadows","https:\/\/www.linkedin.com\/company\/w-r-meadows-inc","https:\/\/www.youtube.com\/WrmeadowsTraining","https:\/\/www.instagram.com\/wrmeadowsinc\/"]}]}},"_links":{"self":[{"href":"https:\/\/www.wrmeadows.com\/es\/wp-json\/wp\/v2\/pages\/53916","targetHints":{"allow":["GET"]}}],"collection":[{"href":"https:\/\/www.wrmeadows.com\/es\/wp-json\/wp\/v2\/pages"}],"about":[{"href":"https:\/\/www.wrmeadows.com\/es\/wp-json\/wp\/v2\/types\/page"}],"author":[{"embeddable":true,"href":"https:\/\/www.wrmeadows.com\/es\/wp-json\/wp\/v2\/users\/1"}],"replies":[{"embeddable":true,"href":"https:\/\/www.wrmeadows.com\/es\/wp-json\/wp\/v2\/comments?post=53916"}],"version-history":[{"count":0,"href":"https:\/\/www.wrmeadows.com\/es\/wp-json\/wp\/v2\/pages\/53916\/revisions"}],"wp:attachment":[{"href":"https:\/\/www.wrmeadows.com\/es\/wp-json\/wp\/v2\/media?parent=53916"}],"curies":[{"name":"wp","href":"https:\/\/api.w.org\/{rel}","templated":true}]}}