{"id":53917,"date":"2022-02-23T17:15:49","date_gmt":"2022-02-23T23:15:49","guid":{"rendered":"https:\/\/www.wrmeadows.com\/?page_id=53917"},"modified":"2022-02-23T17:15:49","modified_gmt":"2022-02-23T23:15:49","slug":"liqui-hard","status":"publish","type":"page","link":"https:\/\/www.wrmeadows.com\/es\/liqui-hard\/","title":{"rendered":"LIQUI-HARD"},"content":{"rendered":"<p>El compuesto densificador de concreto y endurecedor qu\u00edmico LIQUI-HARD es un l\u00edquido de silicato transparente, listo para usar, bajo contenido de compuestos org\u00e1nicos (VOC), a base de agua y exclusivo, formulado con materia prima qu\u00edmicamente reactiva para endurecer y proteger contra el polvo al concreto. Cuando se aplica debidamente, esta soluci\u00f3n en agua ofrece una mejora sustancial en cuanto a resistencia a la abrasi\u00f3n y a los productos qu\u00edmicos, mejorando notablemente la durabilidad de la superficie de concreto al compararse con el concreto sin tratar. A medida que se aplica LIQUI-HARD penetra en la superficie de concreto y se produce una reacci\u00f3n qu\u00edmica, la cual rinde un subproducto que llena los poros del concreto. Este proceso produce una superficie de concreto sustancialmente m\u00e1s densa con mayor durabilidad. Adem\u00e1s de la acci\u00f3n densificadora y endurecedora, LIQUI-HARD tambi\u00e9n solidifica el concreto eliminando el polvo y la horadaci\u00f3n.<\/p>\n<p>Cu\u00e1ndo usar LIQUI-HARD:<\/p>\n<p>Las aplicaciones ideales incluyen pisos en plantas y bodegas industriales, silos de almacenamiento, plantas de tratamiento de aguas servidas, instalaciones de procesos qu\u00edmicos, refiner\u00edas y \u00e1reas de mucho tr\u00e1fico peatonal tales como centros c\u00edvicos, instalaciones deportivas, estadios, hospitales, aeropuertos y museos. Se recomienda LIQUI-HARD para usarse donde sea que se requiera una superficie endurecida, a prueba de polvo, con mejor resistencia a los agentes qu\u00edmicos y la abrasi\u00f3n.<\/p>\n<p>Caracter\u00edsticas y ventajas<\/p>\n<p>Penetra profundamente en el concreto para dar m\u00e1s densidad y endurecimiento a las superficies para poder evitar la entrada de humedad y otras materias extra\u00f1as.<\/p>\n<p>Sella contra el polvo y mejora la resistencia a los agentes qu\u00edmicos, el petr\u00f3leo y abrasi\u00f3n de las superficies tratadas.<\/p>\n<p>Imparte un brillo permanente, atractivo con la capacidad de pulir.<\/p>\n<p>Protege contra las raspaduras y descascarados.<\/p>\n<p>Deja una superficie protegida s\u00f3lida que no se pondr\u00e1 amarilla, descolorar\u00e1 ni presentar\u00e1 marcas de desgaste por la circulaci\u00f3n peatonal o vehicular.<\/p>\n<p>Mejora la reflectancia de la luz.<\/p>\n<p>Listo para usar directo del envase y f\u00e1cil de aplicar.<\/p>\n<p>Cumple con compuestos org\u00e1nicos vol\u00e1tiles (VOC).<\/p>\n<p>Certificaci\u00f3n CDPH<\/p>\n<p>LIQUI-HARD es otro de los productos de W. R. MEADOWS que est\u00e1 certificado por el Departamento de Salud P\u00fablica de California (CDPH). Para ver el certificado completo, haga clic aqu\u00ed. Si no est\u00e1 familiarizado con el t\u00e9rmino CDPH, revise nuestro blog en CDPH. W.\u00a0R.\u00a0MEADOWS est\u00e1 comprometido en crear un mejor futuro mediante el uso de productos m\u00e1s sostenibles y ecol\u00f3gicos.<\/p>\n<p>Mant\u00e9ngase en contacto<\/p>\n<p>Para consultas para comprar LIQUI-HARD, haga clic aqu\u00ed para comunicarse con un distribuidor. Para ver la hoja de datos de LIQUI-HARD completa, haga clic aqu\u00ed. Como siempre, no dude en comentar o hacer una pregunta a continuaci\u00f3n.<\/p>\n","protected":false},"excerpt":{"rendered":"<p>El compuesto densificador de concreto y endurecedor qu\u00edmico LIQUI-HARD es un l\u00edquido de silicato transparente, listo para usar, bajo contenido de compuestos org\u00e1nicos (VOC), a base de agua y exclusivo,&hellip;<\/p>\n","protected":false},"author":1,"featured_media":0,"parent":0,"menu_order":0,"comment_status":"closed","ping_status":"closed","template":"","meta":{"_acf_changed":false,"content-type":"","_genesis_hide_title":false,"_genesis_hide_breadcrumbs":false,"_genesis_hide_singular_image":false,"_genesis_hide_footer_widgets":false,"_genesis_custom_body_class":"","_genesis_custom_post_class":"","_genesis_layout":"","footnotes":""},"class_list":["post-53917","page","type-page","status-publish","entry"],"acf":[],"yoast_head":"<!-- This site is optimized with the Yoast SEO Premium plugin v27.4 (Yoast SEO v27.4) - https:\/\/yoast.com\/product\/yoast-seo-premium-wordpress\/ -->\n<title>LIQUI-HARD - W. R. Meadows<\/title>\n<meta name=\"robots\" content=\"index, follow, max-snippet:-1, max-image-preview:large, max-video-preview:-1\" \/>\n<link rel=\"canonical\" href=\"https:\/\/www.wrmeadows.com\/es\/liqui-hard\/\" \/>\n<meta property=\"og:locale\" content=\"en_US\" \/>\n<meta property=\"og:type\" content=\"article\" \/>\n<meta property=\"og:title\" content=\"LIQUI-HARD\" \/>\n<meta property=\"og:url\" content=\"https:\/\/www.wrmeadows.com\/es\/liqui-hard\/\" \/>\n<meta property=\"og:site_name\" content=\"W. R. Meadows\" \/>\n<meta property=\"article:publisher\" content=\"https:\/\/www.facebook.com\/wrmeadows\" \/>\n<meta name=\"twitter:card\" content=\"summary_large_image\" \/>\n<meta name=\"twitter:site\" content=\"@wrmeadows\" \/>\n<meta name=\"twitter:label1\" content=\"Tiempo de lectura\" \/>\n\t<meta name=\"twitter:data1\" content=\"2 minutos\" \/>\n<script type=\"application\/ld+json\" class=\"yoast-schema-graph\">{\"@context\":\"https:\\\/\\\/schema.org\",\"@graph\":[{\"@type\":\"WebPage\",\"@id\":\"https:\\\/\\\/www.wrmeadows.com\\\/es\\\/liqui-hard\\\/\",\"url\":\"https:\\\/\\\/www.wrmeadows.com\\\/es\\\/liqui-hard\\\/\",\"name\":\"LIQUI-HARD - W. R. Meadows\",\"isPartOf\":{\"@id\":\"https:\\\/\\\/www.wrmeadows.com\\\/es\\\/#website\"},\"datePublished\":\"2022-02-23T23:15:49+00:00\",\"breadcrumb\":{\"@id\":\"https:\\\/\\\/www.wrmeadows.com\\\/es\\\/liqui-hard\\\/#breadcrumb\"},\"inLanguage\":\"es\",\"potentialAction\":[{\"@type\":\"ReadAction\",\"target\":[\"https:\\\/\\\/www.wrmeadows.com\\\/es\\\/liqui-hard\\\/\"]}]},{\"@type\":\"BreadcrumbList\",\"@id\":\"https:\\\/\\\/www.wrmeadows.com\\\/es\\\/liqui-hard\\\/#breadcrumb\",\"itemListElement\":[{\"@type\":\"ListItem\",\"position\":1,\"name\":\"Home\",\"item\":\"https:\\\/\\\/www.wrmeadows.com\\\/es\\\/\"},{\"@type\":\"ListItem\",\"position\":2,\"name\":\"LIQUI-HARD\"}]},{\"@type\":\"WebSite\",\"@id\":\"https:\\\/\\\/www.wrmeadows.com\\\/es\\\/#website\",\"url\":\"https:\\\/\\\/www.wrmeadows.com\\\/es\\\/\",\"name\":\"W. R. Meadows\",\"description\":\"Concrete Construction Products Manufacturer\",\"publisher\":{\"@id\":\"https:\\\/\\\/www.wrmeadows.com\\\/es\\\/#organization\"},\"potentialAction\":[{\"@type\":\"SearchAction\",\"target\":{\"@type\":\"EntryPoint\",\"urlTemplate\":\"https:\\\/\\\/www.wrmeadows.com\\\/es\\\/?s={search_term_string}\"},\"query-input\":{\"@type\":\"PropertyValueSpecification\",\"valueRequired\":true,\"valueName\":\"search_term_string\"}}],\"inLanguage\":\"es\"},{\"@type\":\"Organization\",\"@id\":\"https:\\\/\\\/www.wrmeadows.com\\\/es\\\/#organization\",\"name\":\"W. R. Meadows\",\"url\":\"https:\\\/\\\/www.wrmeadows.com\\\/es\\\/\",\"logo\":{\"@type\":\"ImageObject\",\"inLanguage\":\"es\",\"@id\":\"https:\\\/\\\/www.wrmeadows.com\\\/es\\\/#\\\/schema\\\/logo\\\/image\\\/\",\"url\":\"https:\\\/\\\/www.wrmeadows.com\\\/wp-content\\\/uploads\\\/logo-3.jpg\",\"contentUrl\":\"https:\\\/\\\/www.wrmeadows.com\\\/wp-content\\\/uploads\\\/logo-3.jpg\",\"width\":709,\"height\":709,\"caption\":\"W. R. Meadows\"},\"image\":{\"@id\":\"https:\\\/\\\/www.wrmeadows.com\\\/es\\\/#\\\/schema\\\/logo\\\/image\\\/\"},\"sameAs\":[\"https:\\\/\\\/www.facebook.com\\\/wrmeadows\",\"https:\\\/\\\/x.com\\\/wrmeadows\",\"https:\\\/\\\/www.linkedin.com\\\/company\\\/w-r-meadows-inc\",\"https:\\\/\\\/www.youtube.com\\\/WrmeadowsTraining\",\"https:\\\/\\\/www.instagram.com\\\/wrmeadowsinc\\\/\"]}]}<\/script>\n<!-- \/ Yoast SEO Premium plugin. -->","yoast_head_json":{"title":"LIQUI-HARD - W. R. Meadows","robots":{"index":"index","follow":"follow","max-snippet":"max-snippet:-1","max-image-preview":"max-image-preview:large","max-video-preview":"max-video-preview:-1"},"canonical":"https:\/\/www.wrmeadows.com\/es\/liqui-hard\/","og_locale":"en_US","og_type":"article","og_title":"LIQUI-HARD","og_url":"https:\/\/www.wrmeadows.com\/es\/liqui-hard\/","og_site_name":"W. R. Meadows","article_publisher":"https:\/\/www.facebook.com\/wrmeadows","twitter_card":"summary_large_image","twitter_site":"@wrmeadows","twitter_misc":{"Tiempo de lectura":"2 minutos"},"schema":{"@context":"https:\/\/schema.org","@graph":[{"@type":"WebPage","@id":"https:\/\/www.wrmeadows.com\/es\/liqui-hard\/","url":"https:\/\/www.wrmeadows.com\/es\/liqui-hard\/","name":"LIQUI-HARD - W. R. Meadows","isPartOf":{"@id":"https:\/\/www.wrmeadows.com\/es\/#website"},"datePublished":"2022-02-23T23:15:49+00:00","breadcrumb":{"@id":"https:\/\/www.wrmeadows.com\/es\/liqui-hard\/#breadcrumb"},"inLanguage":"es","potentialAction":[{"@type":"ReadAction","target":["https:\/\/www.wrmeadows.com\/es\/liqui-hard\/"]}]},{"@type":"BreadcrumbList","@id":"https:\/\/www.wrmeadows.com\/es\/liqui-hard\/#breadcrumb","itemListElement":[{"@type":"ListItem","position":1,"name":"Home","item":"https:\/\/www.wrmeadows.com\/es\/"},{"@type":"ListItem","position":2,"name":"LIQUI-HARD"}]},{"@type":"WebSite","@id":"https:\/\/www.wrmeadows.com\/es\/#website","url":"https:\/\/www.wrmeadows.com\/es\/","name":"W. R. Meadows","description":"Concrete Construction Products Manufacturer","publisher":{"@id":"https:\/\/www.wrmeadows.com\/es\/#organization"},"potentialAction":[{"@type":"SearchAction","target":{"@type":"EntryPoint","urlTemplate":"https:\/\/www.wrmeadows.com\/es\/?s={search_term_string}"},"query-input":{"@type":"PropertyValueSpecification","valueRequired":true,"valueName":"search_term_string"}}],"inLanguage":"es"},{"@type":"Organization","@id":"https:\/\/www.wrmeadows.com\/es\/#organization","name":"W. R. Meadows","url":"https:\/\/www.wrmeadows.com\/es\/","logo":{"@type":"ImageObject","inLanguage":"es","@id":"https:\/\/www.wrmeadows.com\/es\/#\/schema\/logo\/image\/","url":"https:\/\/www.wrmeadows.com\/wp-content\/uploads\/logo-3.jpg","contentUrl":"https:\/\/www.wrmeadows.com\/wp-content\/uploads\/logo-3.jpg","width":709,"height":709,"caption":"W. R. Meadows"},"image":{"@id":"https:\/\/www.wrmeadows.com\/es\/#\/schema\/logo\/image\/"},"sameAs":["https:\/\/www.facebook.com\/wrmeadows","https:\/\/x.com\/wrmeadows","https:\/\/www.linkedin.com\/company\/w-r-meadows-inc","https:\/\/www.youtube.com\/WrmeadowsTraining","https:\/\/www.instagram.com\/wrmeadowsinc\/"]}]}},"_links":{"self":[{"href":"https:\/\/www.wrmeadows.com\/es\/wp-json\/wp\/v2\/pages\/53917","targetHints":{"allow":["GET"]}}],"collection":[{"href":"https:\/\/www.wrmeadows.com\/es\/wp-json\/wp\/v2\/pages"}],"about":[{"href":"https:\/\/www.wrmeadows.com\/es\/wp-json\/wp\/v2\/types\/page"}],"author":[{"embeddable":true,"href":"https:\/\/www.wrmeadows.com\/es\/wp-json\/wp\/v2\/users\/1"}],"replies":[{"embeddable":true,"href":"https:\/\/www.wrmeadows.com\/es\/wp-json\/wp\/v2\/comments?post=53917"}],"version-history":[{"count":0,"href":"https:\/\/www.wrmeadows.com\/es\/wp-json\/wp\/v2\/pages\/53917\/revisions"}],"wp:attachment":[{"href":"https:\/\/www.wrmeadows.com\/es\/wp-json\/wp\/v2\/media?parent=53917"}],"curies":[{"name":"wp","href":"https:\/\/api.w.org\/{rel}","templated":true}]}}