{"id":53918,"date":"2022-02-23T17:16:49","date_gmt":"2022-02-23T23:16:49","guid":{"rendered":"https:\/\/www.wrmeadows.com\/?page_id=53918"},"modified":"2022-02-23T17:16:49","modified_gmt":"2022-02-23T23:16:49","slug":"la-razon-de-por-que-esta-manchado-el-concreto-y-como-arreglarlo","status":"publish","type":"page","link":"https:\/\/www.wrmeadows.com\/es\/la-razon-de-por-que-esta-manchado-el-concreto-y-como-arreglarlo\/","title":{"rendered":"La raz\u00f3n de por qu\u00e9 est\u00e1 manchado el concreto (y c\u00f3mo arreglarlo)"},"content":{"rendered":"<p>\u00bfAlguna vez pas\u00f3 por una casa con el concreto decolorado en la entrada para veh\u00edculos? Es m\u00e1s claro por aqu\u00ed y m\u00e1s oscuro por all\u00e1, lo que crea un efecto manchado que sabe que no fue intencional. Al mirar un dise\u00f1o ca\u00f3tico, no puede evitar preguntarse qu\u00e9 sali\u00f3 mal, y c\u00f3mo se puede evitar cometer un error similar en sus proyectos con concreto en el futuro.<\/p>\n<p><strong>La decoloraci\u00f3n del concreto no es un caso aislado<\/strong><\/p>\n<p>Colocar concreto no es una ciencia exacta, y hay una variedad de factores que contribuyen con la decoloraci\u00f3n desde el principio. Estos factores incluyen:<\/p>\n<ul>\n<li>Variabilidad de mezcla de concreto<\/li>\n<li>El uso de mucha o poca agua<\/li>\n<li>El uso de cloruro de calcio<\/li>\n<li>T\u00e9cnicas de colocaci\u00f3n del concreto incorrectas<\/li>\n<li>Temperaturas exteriores<\/li>\n<li>Exposici\u00f3n al agua y la sal<\/li>\n<\/ul>\n<p>Muchos de estos problemas se pueden resolver con el\u00a0<a href=\"https:\/\/www.wrmeadows.com\/concrete-sealing-compounds\/\">sellado correcto del concreto<\/a>\u00a0despu\u00e9s de colocarlo. Pero, \u00bfqu\u00e9 pasa si observa la decoloraci\u00f3n incluso despu\u00e9s del sellado?<\/p>\n<p><strong>Los responsables del concreto manchado despu\u00e9s del sellado<\/strong><\/p>\n<p>Cuando se encuentra mirando el concreto manchado que ya se ha sellado, existen tres posibles culpables:<\/p>\n<ol>\n<li>El sellador se aplic\u00f3 de forma deficiente<\/li>\n<li>No se aplic\u00f3 suficiente sellador<\/li>\n<li>El concreto mismo tiene distintas tasas de absorci\u00f3n<\/li>\n<\/ol>\n<p>El concreto manchado despu\u00e9s del sellado casi siempre est\u00e1 relacionado con las t\u00e9cnicas de sellado utilizadas y en la naturaleza misma del concreto.<\/p>\n<p>El concreto es un material poroso, con algunas \u00e1reas del concreto que por naturaleza son m\u00e1s porosas que las dem\u00e1s. Es por eso que usamos\u00a0<a href=\"https:\/\/www.wrmeadows.com\/concrete-sealing-compounds\/\">selladores para concreto<\/a>\u00a0para comenzar a combatir esa permeabilidad y proteger al concreto reci\u00e9n colocado de absorber agua y sales que podr\u00edan r\u00e1pidamente erosionarlo o mancharlo.<\/p>\n<p>Sin embargo, si combina esa porosidad ya variable con una aplicaci\u00f3n de sellador menos que estelar, pr\u00e1cticamente est\u00e1 pidiendo un acabado manchado.<\/p>\n<p>Incluso si el color del concreto inicialmente parece uniforme, el sellado incorrecto puede disponerlo a la decoloraci\u00f3n en el futuro, a medida que la superficie sea permeada por agua y fundentes.<\/p>\n<p><strong>C\u00f3mo evitar el concreto manchado<\/strong><\/p>\n<p>La mejor manera de evitar que el concreto se decolore es sellarlo adecuadamente desde el principio. Si observara una losa de concreto bajo el microscopio, encontrar\u00eda que est\u00e1 formado de casi un n\u00famero infinito de monta\u00f1as y valles. El perfil definitivo sobre la superficie de la losa est\u00e1 directamente relacionado con el acabado. Un acabado m\u00e1s liso produce menos monta\u00f1as y valles, mientras que un acabado apurado o \u00e1spero puede parecerse al Gran Ca\u00f1\u00f3n.<\/p>\n<p>La idea de aplicar el sellador de concreto es nivelar las monta\u00f1as y llenar los valles hasta obtener una superficie uniforme. No obstante, tambi\u00e9n debemos darnos cuenta de que al menos una parte del sellador se absorber\u00e1 en los poros del concreto, y la forma en que se absorba depender\u00e1 completamente de la variabilidad del concreto en s\u00ed. Por lo tanto, si no usa suficientes capas de sellador, encontrar\u00e1 que algunas \u00e1reas del concreto parecieran est\u00e1n selladas perfectamente, mientras que otras claramente no lo est\u00e1n.<\/p>\n<p>Esto contribuye a una apariencia manchada.<\/p>\n<p>Lo que desea es una superficie con acabado uniforme y ya no lleno de variabilidad. Sin embargo, si el sellador no se aplica uniformemente desde el principio o si no se usan suficientes capas, la losa se ver\u00e1 manchada cuando se seque. Esto es causado porque el sellador llena algunos de los valles, pero no todos, y no se queda en la punta de las monta\u00f1as.<\/p>\n<p>Los selladores de W.\u00a0R.\u00a0MEADOWS est\u00e1n formulados espec\u00edficamente para producir el sellado m\u00e1s uniforme posible. Desafortunadamente, incluso un sellador de primera calidad no compensar\u00e1 por t\u00e9cnicas de aplicaci\u00f3n deficientes o cantidad insuficiente del producto.<\/p>\n<p>De manera que, obviamente, la mejor opci\u00f3n es verter tanto sellador para concreto como sea posible sobre el concreto, y luego esparcirlo para llenar los valles y solucionar toda la porosidad de una vez, \u00bfno es cierto?<\/p>\n<p>Incorrecto. Las capas gruesas de recubrimiento de sellador pueden provocar una apariencia de burbujas en el concreto. El color puede parecer uniforme, pero el acabado superior estar\u00e1 lleno de desplazamiento de aire que lo que ver\u00e1 siempre de aqu\u00ed a la eternidad son esas burbujas en el concreto.<\/p>\n<p>Para evitar esto, se debe aplicar el sellador de manera uniforme, con varias capas ligeras. Debe dejar dos o tres horas de secado entre cada capa y observar si hay manchas a medida que se sella cada capa. Cuando se haya secado la \u00faltima capa y no vea ning\u00fan indicio de decoloraci\u00f3n del concreto, sabr\u00e1 que est\u00e1 listo el trabajo.<\/p>\n<p>Pero esta paciencia y disposici\u00f3n a ir lento y constante con el sellado son fundamentales para el acabado uniforme que busca.<\/p>\n<p><strong>C\u00f3mo arreglar el concreto manchado<\/strong><\/p>\n<p>Digamos que el da\u00f1o ya est\u00e1 hecho y que observa con agon\u00eda el concreto decolorado. Sabiendo lo que ya sabe, es evidente que se aplic\u00f3 suficiente sellador en algunas \u00e1reas, pero en otras, no.<\/p>\n<p>\u00bfEs la \u00fanica opci\u00f3n romper el concreto y empezar de cero?<\/p>\n<p>\u00a1No! A\u00fan puede rectificar esta situaci\u00f3n, pero deber\u00e1 trabajar un poco en el proceso.<\/p>\n<p>El primer paso debe ser lavar y fregar el concreto. Esto implica empapar el concreto con agua caliente, luego fregarlo con fuerza con una escobilla dura. El objetivo es uniformar algunas de las variables en la humedad y la acumulaci\u00f3n de minerales del concreto. Es posible que deba hacer esto varias veces, pero en cuando se seque sin la decoloraci\u00f3n, deber\u00e1 volverlo a sellar con una nueva capa ligera de sellador para concreto, con el fin de conservar el trabajo realizado.<\/p>\n<p>De manera alternativa, podr\u00eda considerar usar una capa superior de tintura para concreto para emparejar las manchas que ve. Por supuesto, esto implicar\u00eda primero sacar el sellador que ya ha utilizado, lo que al final significa m\u00e1s trabajo en general.<\/p>\n<p><strong>Conclusi\u00f3n<\/strong><\/p>\n<p>Los selladores para concreto pueden contribuir mucho para evitar que el concreto se manche, pero solo si se ocupan de manera correcta desde el principio. As\u00ed que t\u00f3mese su tiempo en su pr\u00f3ximo proyecto de sellado de concreto, lo que le ahorrar\u00e1 muchos dolores de cabeza en el futuro.<\/p>\n<p>Por supuesto, W. R. MEADOWS est\u00e1 dispuesto a ayudarlo en todos los casos.\u00a0 Si tiene alguna consulta espec\u00edfica sobre las t\u00e9cnicas de aplicaci\u00f3n, comun\u00edquese con la oficina de ventas local al\u00a0<a href=\"tel:18003425976\">(800) 342-5976<\/a>\u00a0o escriba a\u00a0<a href=\"mailto:info@wrmeadows.com\">info@wrmeadows.com<\/a>.<\/p>\n<p><strong>Recursos<\/strong><\/p>\n<ul>\n<li><a href=\"https:\/\/www.wrmeadows.com\/blog\/sealer-maintenance\/\">Sugerencias de mantenimiento del sellador<\/a><\/li>\n<li><a href=\"https:\/\/www.wrmeadows.com\/construction-liquids\/\">Compuesto de curado y sellado de concreto<\/a><\/li>\n<\/ul>\n<h3>\nSOLICITAR M\u00c1S INFORMACI\u00d3N<\/h3>\n<p>Para comunicarse con su representante de W.\u00a0R.\u00a0MEADOWS o para la correspondencia en general,\u00a0<a href=\"https:\/\/www.wrmeadows.com\/quick-contact-form\/?lp\">haga clic aqu\u00ed<\/a>.\u00a0Si necesita asistencia inmediata, llame al\u00a0<a href=\"tel:18003425976\">(800)\u00a0342-5976<\/a>. \u00a1Gracias!<\/p>\n","protected":false},"excerpt":{"rendered":"<p>\u00bfAlguna vez pas\u00f3 por una casa con el concreto decolorado en la entrada para veh\u00edculos? Es m\u00e1s claro por aqu\u00ed y m\u00e1s oscuro por all\u00e1, lo que crea un efecto&hellip;<\/p>\n","protected":false},"author":1,"featured_media":0,"parent":0,"menu_order":0,"comment_status":"closed","ping_status":"closed","template":"","meta":{"_acf_changed":false,"content-type":"","_genesis_hide_title":false,"_genesis_hide_breadcrumbs":false,"_genesis_hide_singular_image":false,"_genesis_hide_footer_widgets":false,"_genesis_custom_body_class":"","_genesis_custom_post_class":"","_genesis_layout":"","footnotes":""},"class_list":["post-53918","page","type-page","status-publish","entry"],"acf":[],"yoast_head":"<!-- This site is optimized with the Yoast SEO Premium plugin v27.4 (Yoast SEO v27.4) - https:\/\/yoast.com\/product\/yoast-seo-premium-wordpress\/ -->\n<title>La raz\u00f3n de por qu\u00e9 est\u00e1 manchado el concreto (y c\u00f3mo arreglarlo) - W. R. Meadows<\/title>\n<meta name=\"robots\" content=\"index, follow, max-snippet:-1, max-image-preview:large, max-video-preview:-1\" \/>\n<link rel=\"canonical\" href=\"https:\/\/www.wrmeadows.com\/es\/la-razon-de-por-que-esta-manchado-el-concreto-y-como-arreglarlo\/\" \/>\n<meta property=\"og:locale\" content=\"en_US\" \/>\n<meta property=\"og:type\" content=\"article\" \/>\n<meta property=\"og:title\" content=\"La raz\u00f3n de por qu\u00e9 est\u00e1 manchado el concreto (y c\u00f3mo arreglarlo)\" \/>\n<meta property=\"og:url\" content=\"https:\/\/www.wrmeadows.com\/es\/la-razon-de-por-que-esta-manchado-el-concreto-y-como-arreglarlo\/\" \/>\n<meta property=\"og:site_name\" content=\"W. R. Meadows\" \/>\n<meta property=\"article:publisher\" content=\"https:\/\/www.facebook.com\/wrmeadows\" \/>\n<meta name=\"twitter:card\" content=\"summary_large_image\" \/>\n<meta name=\"twitter:site\" content=\"@wrmeadows\" \/>\n<meta name=\"twitter:label1\" content=\"Tiempo de lectura\" \/>\n\t<meta name=\"twitter:data1\" content=\"6 minutos\" \/>\n<script type=\"application\/ld+json\" class=\"yoast-schema-graph\">{\"@context\":\"https:\\\/\\\/schema.org\",\"@graph\":[{\"@type\":\"WebPage\",\"@id\":\"https:\\\/\\\/www.wrmeadows.com\\\/es\\\/la-razon-de-por-que-esta-manchado-el-concreto-y-como-arreglarlo\\\/\",\"url\":\"https:\\\/\\\/www.wrmeadows.com\\\/es\\\/la-razon-de-por-que-esta-manchado-el-concreto-y-como-arreglarlo\\\/\",\"name\":\"La raz\u00f3n de por qu\u00e9 est\u00e1 manchado el concreto (y c\u00f3mo arreglarlo) - W. R. Meadows\",\"isPartOf\":{\"@id\":\"https:\\\/\\\/www.wrmeadows.com\\\/es\\\/#website\"},\"datePublished\":\"2022-02-23T23:16:49+00:00\",\"breadcrumb\":{\"@id\":\"https:\\\/\\\/www.wrmeadows.com\\\/es\\\/la-razon-de-por-que-esta-manchado-el-concreto-y-como-arreglarlo\\\/#breadcrumb\"},\"inLanguage\":\"es\",\"potentialAction\":[{\"@type\":\"ReadAction\",\"target\":[\"https:\\\/\\\/www.wrmeadows.com\\\/es\\\/la-razon-de-por-que-esta-manchado-el-concreto-y-como-arreglarlo\\\/\"]}]},{\"@type\":\"BreadcrumbList\",\"@id\":\"https:\\\/\\\/www.wrmeadows.com\\\/es\\\/la-razon-de-por-que-esta-manchado-el-concreto-y-como-arreglarlo\\\/#breadcrumb\",\"itemListElement\":[{\"@type\":\"ListItem\",\"position\":1,\"name\":\"Home\",\"item\":\"https:\\\/\\\/www.wrmeadows.com\\\/es\\\/\"},{\"@type\":\"ListItem\",\"position\":2,\"name\":\"La raz\u00f3n de por qu\u00e9 est\u00e1 manchado el concreto (y c\u00f3mo arreglarlo)\"}]},{\"@type\":\"WebSite\",\"@id\":\"https:\\\/\\\/www.wrmeadows.com\\\/es\\\/#website\",\"url\":\"https:\\\/\\\/www.wrmeadows.com\\\/es\\\/\",\"name\":\"W. R. Meadows\",\"description\":\"Concrete Construction Products Manufacturer\",\"publisher\":{\"@id\":\"https:\\\/\\\/www.wrmeadows.com\\\/es\\\/#organization\"},\"potentialAction\":[{\"@type\":\"SearchAction\",\"target\":{\"@type\":\"EntryPoint\",\"urlTemplate\":\"https:\\\/\\\/www.wrmeadows.com\\\/es\\\/?s={search_term_string}\"},\"query-input\":{\"@type\":\"PropertyValueSpecification\",\"valueRequired\":true,\"valueName\":\"search_term_string\"}}],\"inLanguage\":\"es\"},{\"@type\":\"Organization\",\"@id\":\"https:\\\/\\\/www.wrmeadows.com\\\/es\\\/#organization\",\"name\":\"W. R. Meadows\",\"url\":\"https:\\\/\\\/www.wrmeadows.com\\\/es\\\/\",\"logo\":{\"@type\":\"ImageObject\",\"inLanguage\":\"es\",\"@id\":\"https:\\\/\\\/www.wrmeadows.com\\\/es\\\/#\\\/schema\\\/logo\\\/image\\\/\",\"url\":\"https:\\\/\\\/www.wrmeadows.com\\\/wp-content\\\/uploads\\\/logo-3.jpg\",\"contentUrl\":\"https:\\\/\\\/www.wrmeadows.com\\\/wp-content\\\/uploads\\\/logo-3.jpg\",\"width\":709,\"height\":709,\"caption\":\"W. R. Meadows\"},\"image\":{\"@id\":\"https:\\\/\\\/www.wrmeadows.com\\\/es\\\/#\\\/schema\\\/logo\\\/image\\\/\"},\"sameAs\":[\"https:\\\/\\\/www.facebook.com\\\/wrmeadows\",\"https:\\\/\\\/x.com\\\/wrmeadows\",\"https:\\\/\\\/www.linkedin.com\\\/company\\\/w-r-meadows-inc\",\"https:\\\/\\\/www.youtube.com\\\/WrmeadowsTraining\",\"https:\\\/\\\/www.instagram.com\\\/wrmeadowsinc\\\/\"]}]}<\/script>\n<!-- \/ Yoast SEO Premium plugin. -->","yoast_head_json":{"title":"La raz\u00f3n de por qu\u00e9 est\u00e1 manchado el concreto (y c\u00f3mo arreglarlo) - W. R. Meadows","robots":{"index":"index","follow":"follow","max-snippet":"max-snippet:-1","max-image-preview":"max-image-preview:large","max-video-preview":"max-video-preview:-1"},"canonical":"https:\/\/www.wrmeadows.com\/es\/la-razon-de-por-que-esta-manchado-el-concreto-y-como-arreglarlo\/","og_locale":"en_US","og_type":"article","og_title":"La raz\u00f3n de por qu\u00e9 est\u00e1 manchado el concreto (y c\u00f3mo arreglarlo)","og_url":"https:\/\/www.wrmeadows.com\/es\/la-razon-de-por-que-esta-manchado-el-concreto-y-como-arreglarlo\/","og_site_name":"W. R. Meadows","article_publisher":"https:\/\/www.facebook.com\/wrmeadows","twitter_card":"summary_large_image","twitter_site":"@wrmeadows","twitter_misc":{"Tiempo de lectura":"6 minutos"},"schema":{"@context":"https:\/\/schema.org","@graph":[{"@type":"WebPage","@id":"https:\/\/www.wrmeadows.com\/es\/la-razon-de-por-que-esta-manchado-el-concreto-y-como-arreglarlo\/","url":"https:\/\/www.wrmeadows.com\/es\/la-razon-de-por-que-esta-manchado-el-concreto-y-como-arreglarlo\/","name":"La raz\u00f3n de por qu\u00e9 est\u00e1 manchado el concreto (y c\u00f3mo arreglarlo) - W. R. Meadows","isPartOf":{"@id":"https:\/\/www.wrmeadows.com\/es\/#website"},"datePublished":"2022-02-23T23:16:49+00:00","breadcrumb":{"@id":"https:\/\/www.wrmeadows.com\/es\/la-razon-de-por-que-esta-manchado-el-concreto-y-como-arreglarlo\/#breadcrumb"},"inLanguage":"es","potentialAction":[{"@type":"ReadAction","target":["https:\/\/www.wrmeadows.com\/es\/la-razon-de-por-que-esta-manchado-el-concreto-y-como-arreglarlo\/"]}]},{"@type":"BreadcrumbList","@id":"https:\/\/www.wrmeadows.com\/es\/la-razon-de-por-que-esta-manchado-el-concreto-y-como-arreglarlo\/#breadcrumb","itemListElement":[{"@type":"ListItem","position":1,"name":"Home","item":"https:\/\/www.wrmeadows.com\/es\/"},{"@type":"ListItem","position":2,"name":"La raz\u00f3n de por qu\u00e9 est\u00e1 manchado el concreto (y c\u00f3mo arreglarlo)"}]},{"@type":"WebSite","@id":"https:\/\/www.wrmeadows.com\/es\/#website","url":"https:\/\/www.wrmeadows.com\/es\/","name":"W. R. Meadows","description":"Concrete Construction Products Manufacturer","publisher":{"@id":"https:\/\/www.wrmeadows.com\/es\/#organization"},"potentialAction":[{"@type":"SearchAction","target":{"@type":"EntryPoint","urlTemplate":"https:\/\/www.wrmeadows.com\/es\/?s={search_term_string}"},"query-input":{"@type":"PropertyValueSpecification","valueRequired":true,"valueName":"search_term_string"}}],"inLanguage":"es"},{"@type":"Organization","@id":"https:\/\/www.wrmeadows.com\/es\/#organization","name":"W. R. Meadows","url":"https:\/\/www.wrmeadows.com\/es\/","logo":{"@type":"ImageObject","inLanguage":"es","@id":"https:\/\/www.wrmeadows.com\/es\/#\/schema\/logo\/image\/","url":"https:\/\/www.wrmeadows.com\/wp-content\/uploads\/logo-3.jpg","contentUrl":"https:\/\/www.wrmeadows.com\/wp-content\/uploads\/logo-3.jpg","width":709,"height":709,"caption":"W. R. Meadows"},"image":{"@id":"https:\/\/www.wrmeadows.com\/es\/#\/schema\/logo\/image\/"},"sameAs":["https:\/\/www.facebook.com\/wrmeadows","https:\/\/x.com\/wrmeadows","https:\/\/www.linkedin.com\/company\/w-r-meadows-inc","https:\/\/www.youtube.com\/WrmeadowsTraining","https:\/\/www.instagram.com\/wrmeadowsinc\/"]}]}},"_links":{"self":[{"href":"https:\/\/www.wrmeadows.com\/es\/wp-json\/wp\/v2\/pages\/53918","targetHints":{"allow":["GET"]}}],"collection":[{"href":"https:\/\/www.wrmeadows.com\/es\/wp-json\/wp\/v2\/pages"}],"about":[{"href":"https:\/\/www.wrmeadows.com\/es\/wp-json\/wp\/v2\/types\/page"}],"author":[{"embeddable":true,"href":"https:\/\/www.wrmeadows.com\/es\/wp-json\/wp\/v2\/users\/1"}],"replies":[{"embeddable":true,"href":"https:\/\/www.wrmeadows.com\/es\/wp-json\/wp\/v2\/comments?post=53918"}],"version-history":[{"count":0,"href":"https:\/\/www.wrmeadows.com\/es\/wp-json\/wp\/v2\/pages\/53918\/revisions"}],"wp:attachment":[{"href":"https:\/\/www.wrmeadows.com\/es\/wp-json\/wp\/v2\/media?parent=53918"}],"curies":[{"name":"wp","href":"https:\/\/api.w.org\/{rel}","templated":true}]}}