{"id":53919,"date":"2022-02-23T17:13:50","date_gmt":"2022-02-23T23:13:50","guid":{"rendered":"https:\/\/www.wrmeadows.com\/?page_id=53919"},"modified":"2022-02-23T17:13:50","modified_gmt":"2022-02-23T23:13:50","slug":"todo-lo-que-siempre-quiso-saber-sobre-las-barreras-de-vapor-para-sotano","status":"publish","type":"page","link":"https:\/\/www.wrmeadows.com\/es\/todo-lo-que-siempre-quiso-saber-sobre-las-barreras-de-vapor-para-sotano\/","title":{"rendered":"Todo lo que siempre quiso saber sobre las barreras de vapor para s\u00f3tano"},"content":{"rendered":"<p>Una de las realidades de construir y reparar edificios comerciales es siempre estar al pendiente de los peligros de la humedad. La pudrici\u00f3n de la madera, el moho y la pintura descascarada, entre otros, son riesgos de ingreso de agua al edificio a \u00e1reas no destinadas para ello. Una filtraci\u00f3n importante puede provocar varios miles de d\u00f3lares de da\u00f1o, y un \u00e1rea que ya es susceptible podr\u00eda provocar varias rondas de da\u00f1os si no se lidia con el problema de manera eficiente. As\u00ed que la prevenci\u00f3n es fundamental para proteger los edificios de los estragos que puede provocar la humedad.<\/p>\n<p>Sin embargo, un techo podrido y una tormenta masiva no son las \u00fanicas formas en que la humedad puede ingresar a un edificio comercial. Tambi\u00e9n puede provenir desde el suelo, lo que causar\u00e1 da\u00f1os que los due\u00f1os del edificio ni siquiera piensen en mirar hasta que sea demasiado tarde.<\/p>\n<p><strong>Da\u00f1o que puede ser causado por humedad en el s\u00f3tano<\/strong><\/p>\n<p>La mayor\u00eda de las personas no piensa dos veces en el espacio debajo de un edificio. Pueden almacenar herramientas, repuestos y restos aleatorios ah\u00ed, pero, salvo cuando tienen que sacar alguno de esos elementos, el s\u00f3tano a menudo es una zona olvidada.<\/p>\n<p>Desafortunadamente, los s\u00f3tanos normalmente tiene pisos de tierra, lo que los hace principales responsables de que ingrese humedad a un edificio comercial. Esto se debe a que la filtraci\u00f3n de agua en forma de vapor de agua desde el suelo, si no se evita, puede erosionar lentamente el edificio desde el suelo. Estamos hablando de da\u00f1o estructural, cortocircuitos el\u00e9ctricos, erosi\u00f3n de las tuber\u00edas y degradaci\u00f3n del aislamiento y de la fibra de vidrio. Sin mencionar el riesgo de que al\u00e9rgenos importantes (como esporas del moho y excrementos de \u00e1caros de polvo) ingresen a los espacios habitados.<\/p>\n<p>Afortunadamente, una barrera de vapor para s\u00f3tano ofrece una soluci\u00f3n relativamente simple a todo esto.<\/p>\n<p><strong>\u00bfQu\u00e9 es una barrera de vapor para s\u00f3tano?<\/strong><\/p>\n<p>Las barreras de vapor para s\u00f3tano son membranas duraderas que sirven para evitar la filtraci\u00f3n de vapor de agua en el s\u00f3tano. Y cuando se combina una barrera de vapor para s\u00f3tano con un\u00a0<a href=\"https:\/\/www.wrmeadows.com\/concrete-waterproofing\/\">sistema de impermeabilizaci\u00f3n<\/a>, obtendr\u00e1 la mejor protecci\u00f3n de s\u00f3tanos contra la humedad de agua l\u00edquida y en vapor, antes de que tenga la oportunidad de entrar al edificio.<\/p>\n<p><strong>\u00bfC\u00f3mo funcionan las <\/strong><a href=\"https:\/\/www.wrmeadows.com\/concrete-vapor-barriers\/\"><strong>barreras de vapor<\/strong><\/a><strong>?<\/strong><\/p>\n<p>Estas barreras normalmente son materiales pl\u00e1sticos gruesos que se instalan sobre todo el suelo para evitar que la humedad del suelo ingrese al s\u00f3tano.<\/p>\n<p>Es importante saber que estas barreras solo sirven para evitar que la humedad del suelo migre al s\u00f3tano o al edificio. Las aguas lluvia o las filtraciones en las tuber\u00edas a\u00fan podr\u00edan provocar humedad en el \u00e1rea del s\u00f3tano, otra raz\u00f3n para considerar combinar la barrera con un sistema de impermeabilizaci\u00f3n.<\/p>\n<p><strong>\u00bfLa barrera de vapor es realmente necesaria para su s\u00f3tano?<\/strong><\/p>\n<p>Si est\u00e1 construyendo en un clima m\u00e1s seco, puede creer que no debe preocuparse mucho del vapor en el s\u00f3tano. Despu\u00e9s de todo, \u00bfcu\u00e1nta humedad puede haber en la tierra debajo de un edificio en Arizona, por ejemplo?<\/p>\n<p>La respuesta es, mucha. De hecho, un estudio de energ\u00eda avanzada realizado en Flagstaff, Arizona descubri\u00f3 un <a href=\"https:\/\/www.osti.gov\/servlets\/purl\/924882\">15\u00a0% de ahorro anual en energ\u00eda<\/a>\u00a0en las casas y edificios en los que los s\u00f3tanos estaban sellados, lo que indica una reducci\u00f3n dr\u00e1stica de la humedad, lo que facilita el control de las temperaturas en interiores.<\/p>\n<p>Independiente del lugar en que construya, si un edificio tiene un s\u00f3tano, puede beneficiarse de una barrera en el s\u00f3tano.<\/p>\n<p><strong>\u00bfCu\u00e1n gruesa debe ser la barrera?<\/strong><\/p>\n<p><a href=\"https:\/\/www.wrmeadows.com\/perminator-underslab-vapor-barrier-retarder\/\">La barrera de vapor para debajo de la losa PERMINATOR<\/a>\u00a0viene en las opciones de espesor de 10 y 15\u00a0mil\u00e9simas de pulgada. La decisi\u00f3n del nivel de espesor correcto para el edificio en el que est\u00e1 trabajando, a menudo, tiene que ver con cu\u00e1nta protecci\u00f3n necesita.<\/p>\n<p>Si desea contar adem\u00e1s con resistencia a perforaciones, tambi\u00e9n est\u00e1 disponible\u00a0<a href=\"https:\/\/www.wrmeadows.com\/perminator-hp-15-mil-underslab-vapor-barrier-high-puncture-resistance\/\">PERMINATOR HP<\/a>\u00a0y se ofrece con un espesor de 15\u00a0mil\u00e9simas de pulgada.<\/p>\n<p>Es imprescindible que la barrera cuente con una alta resistencia a perforaciones, puesto que estar\u00e1 expuesta, en lugar de protegida, a las losas del suelo de concreto, y puede ser susceptible a da\u00f1os. El est\u00e1ndar que define los retardantes pl\u00e1sticos de vapor en contacto con el suelo es ASTM E1745 y tanto el PERMINATOR de 10 como el de 15 mil\u00e9simas de pulgada superan las exigencias de esta norma.<\/p>\n<p><strong>D\u00f3nde comprar las barreras de vapor para s\u00f3tanos<\/strong><\/p>\n<p>La barrera de vapor para debajo de la losa PERMINATOR est\u00e1 disponible en todo\u00a0<a href=\"https:\/\/www.wrmeadows.com\/contact\/\">Canad\u00e1 y EE.\u00a0UU.<\/a>, as\u00ed como en diversos lugares en todo el mundo. Puede encontrar a su distribuidor local en nuestro\u00a0<a href=\"https:\/\/www.wrmeadows.com\/locate-distributor\/\">sitio web del fabricante<\/a>.<\/p>\n<p><strong>Antes de comenzar<\/strong><\/p>\n<p>Antes de instalar una barrera para s\u00f3tano, debe retirar todos los elementos que se guardan ah\u00ed, de manera que haya libre acceso al suelo que se va a cubrir. Tambi\u00e9n es importante secar el s\u00f3tano lo mejor posible antes de comenzar.<\/p>\n<p>Para conseguir esto elimine cualquier fuente de humedad visible (como charcos), retire aislamiento y residuos h\u00famedos, y potencialmente incluso, llame a un profesional para que friegue las superficies para eliminar el moho.<\/p>\n<p>Una vez que el s\u00f3tano est\u00e9 limpio y relativamente seco, debe reunir las herramientas para la instalaci\u00f3n. Estos son los elementos que se recomienda tener a mano:<\/p>\n<ul>\n<li><a href=\"https:\/\/www.wrmeadows.com\/perminator-underslab-vapor-barrier-retarder\/\">PERMINATOR<\/a><\/li>\n<li><a href=\"https:\/\/www.wrmeadows.com\/perminator-vapor-barrier-tape-overlap-seam\/\">Cinta PERMINATOR<\/a><\/li>\n<li><a href=\"https:\/\/www.wrmeadows.com\/termination-bar\/\">TERMINATION BAR<\/a><\/li>\n<li><a href=\"https:\/\/www.wrmeadows.com\/perminator-butyl-tape\/\">CINTA DE BUTILO PERMINATOR<\/a><\/li>\n<li>Iluminaci\u00f3n<\/li>\n<li>Pala<\/li>\n<li>Pico<\/li>\n<li>Cuchillo utilitario<\/li>\n<li>Hojas de repuesto<\/li>\n<li>Martillo perforador<\/li>\n<li>Sierra rec\u00edproca<\/li>\n<li>Cinta m\u00e9trica<\/li>\n<li>Destornilladores<\/li>\n<li>Martillo<\/li>\n<li>Grapa de alambre<\/li>\n<li>Respirador<\/li>\n<li>Aspiradora<\/li>\n<li>Toallas<\/li>\n<\/ul>\n<p><strong>C\u00f3mo instalar las barreras de vapor para s\u00f3tanos<\/strong><\/p>\n<p>Una vez que tiene el s\u00f3tano limpio y seco, y cuenta con todas las herramientas, es momento de comenzar.<\/p>\n<p>La instalaci\u00f3n de la barrera de vapor para debajo de la losa PERMINATOR se puede realizar en unos simples pasos:<\/p>\n<ol>\n<li>Revise los c\u00f3digos de construcci\u00f3n locales para obtener las instrucciones respecto al espacio libre que debe dejar sin sellar en la parte superior de la pared de mamposter\u00eda, normalmente es 3\u201d. Coloque la CINTA DE BUTILO PERMINATOR alrededor de la pared de cimientos, donde desea colocar la barrera de vapor para debajo de la losa PERMINATOR.<\/li>\n<li>Para evitar abultamientos y para obtener una apariencia general m\u00e1s limpia, considere fijar la barrera de vapor para debajo de la losa PERMINATOR a la base de la pared de cimientos con la CINTA DE BUTILO PERMINATOR alrededor de la base tambi\u00e9n.<\/li>\n<li>Desenrolle la barrera de vapor para debajo de la losa PERMINATOR y distrib\u00fayala por todo el suelo y hasta la pared de cimientos, con el fin de sellarla en la CINTA DE BUTILO PERMINATOR que ya se coloc\u00f3.<\/li>\n<li>Instale TERMINATION BAR sobre la barrera de vapor para debajo de la losa PERMINATOR, alineado con la CINTA DE BUTILO PERMINATOR.<\/li>\n<li>Selle completamente la barrera de vapor para debajo de la losa PERMINATOR con la cinta PERMINATOR, incluya todas las penetraciones, todas las columnas y en TERMINATION BAR.<\/li>\n<li>Ajuste la barrera de vapor para debajo de la losa PERMINATOR en todo el piso del s\u00f3tano para asegurarse de cubrirlo completamente y que haya barrera suficiente para que quede nivelado en todas las superficies.<\/li>\n<li>Revise los c\u00f3digos de construcci\u00f3n locales para obtener las instrucciones de solapado m\u00ednimo. Algunos pueden exigir, al menos, seis pulgadas de solapado, mientras otros pueden exigir hasta doce pulgadas de solapado. Solape las uniones, al menos, a las exigencias m\u00ednimas y selle con la cinta PERMINATOR.<\/li>\n<\/ol>\n<p><strong>Mejoramiento de la ventilaci\u00f3n cruzada del s\u00f3tano<\/strong><\/p>\n<p>Como PERMINATOR es el producto l\u00edder en el mercado para controlar la infiltraci\u00f3n de vapor y contaminantes del suelo, como rad\u00f3n, a la vez que aumenta la alta resistencia a perforaciones, es la soluci\u00f3n perfecta para controlar la humedad en el s\u00f3tano. Sin embargo, debe considerar combinarlo con medidas impermeables adicionales, para maximizar la reducci\u00f3n de humedad.<\/p>\n<p>Pero \u00bfqu\u00e9 sucede con el agua que ingresa de aguas lluvia o de filtraciones de tuber\u00edas?<\/p>\n<p>Para crear un sistema impermeable en el \u00e1rea del s\u00f3tano, puede ser mejor iniciar con cercar el \u00e1rea para evitar que ingrese agua adicional desde fuera. Si el s\u00f3tano est\u00e1 completamente cercado, suministrar aire desde el sistema de calefacci\u00f3n, ventilaci\u00f3n y aire acondicionado (HVAC) puede ayudar a evaporar r\u00e1pidamente el agua adicional que pudiera entrar al s\u00f3tano. Instalar un humidificador y extraer el aire hacia afuera tambi\u00e9n son m\u00e9todos efectivos para mantener el s\u00f3tano sin humedad.<\/p>\n<p>Al final, todos queremos proteger los edificios comerciales en los que trabajamos. Y usar la barrera de vapor para debajo de la losa PERMINATOR con el fin de evitar que la humedad del suelo ingrese al s\u00f3tano es un excelente primer paso para obtener mayor protecci\u00f3n contra el da\u00f1o del agua.<\/p>\n","protected":false},"excerpt":{"rendered":"<p>Una de las realidades de construir y reparar edificios comerciales es siempre estar al pendiente de los peligros de la humedad. La pudrici\u00f3n de la madera, el moho y la&hellip;<\/p>\n","protected":false},"author":1,"featured_media":0,"parent":0,"menu_order":0,"comment_status":"closed","ping_status":"closed","template":"","meta":{"_acf_changed":false,"content-type":"","_genesis_hide_title":false,"_genesis_hide_breadcrumbs":false,"_genesis_hide_singular_image":false,"_genesis_hide_footer_widgets":false,"_genesis_custom_body_class":"","_genesis_custom_post_class":"","_genesis_layout":"","footnotes":""},"class_list":["post-53919","page","type-page","status-publish","entry"],"acf":[],"yoast_head":"<!-- This site is optimized with the Yoast SEO Premium plugin v27.5 (Yoast SEO v27.5) - https:\/\/yoast.com\/product\/yoast-seo-premium-wordpress\/ -->\n<title>Todo lo que siempre quiso saber sobre las barreras de vapor para s\u00f3tano - W. R. Meadows<\/title>\n<meta name=\"robots\" content=\"index, follow, max-snippet:-1, max-image-preview:large, max-video-preview:-1\" \/>\n<link rel=\"canonical\" href=\"https:\/\/www.wrmeadows.com\/es\/todo-lo-que-siempre-quiso-saber-sobre-las-barreras-de-vapor-para-sotano\/\" \/>\n<meta property=\"og:locale\" content=\"en_US\" \/>\n<meta property=\"og:type\" content=\"article\" \/>\n<meta property=\"og:title\" content=\"Todo lo que siempre quiso saber sobre las barreras de vapor para s\u00f3tano\" \/>\n<meta property=\"og:url\" content=\"https:\/\/www.wrmeadows.com\/es\/todo-lo-que-siempre-quiso-saber-sobre-las-barreras-de-vapor-para-sotano\/\" \/>\n<meta property=\"og:site_name\" content=\"W. R. Meadows\" \/>\n<meta property=\"article:publisher\" content=\"https:\/\/www.facebook.com\/wrmeadows\" \/>\n<meta name=\"twitter:card\" content=\"summary_large_image\" \/>\n<meta name=\"twitter:site\" content=\"@wrmeadows\" \/>\n<meta name=\"twitter:label1\" content=\"Tiempo de lectura\" \/>\n\t<meta name=\"twitter:data1\" content=\"8 minutos\" \/>\n<script type=\"application\/ld+json\" class=\"yoast-schema-graph\">{\"@context\":\"https:\\\/\\\/schema.org\",\"@graph\":[{\"@type\":\"WebPage\",\"@id\":\"https:\\\/\\\/www.wrmeadows.com\\\/es\\\/todo-lo-que-siempre-quiso-saber-sobre-las-barreras-de-vapor-para-sotano\\\/\",\"url\":\"https:\\\/\\\/www.wrmeadows.com\\\/es\\\/todo-lo-que-siempre-quiso-saber-sobre-las-barreras-de-vapor-para-sotano\\\/\",\"name\":\"Todo lo que siempre quiso saber sobre las barreras de vapor para s\u00f3tano - W. R. Meadows\",\"isPartOf\":{\"@id\":\"https:\\\/\\\/www.wrmeadows.com\\\/es\\\/#website\"},\"datePublished\":\"2022-02-23T23:13:50+00:00\",\"breadcrumb\":{\"@id\":\"https:\\\/\\\/www.wrmeadows.com\\\/es\\\/todo-lo-que-siempre-quiso-saber-sobre-las-barreras-de-vapor-para-sotano\\\/#breadcrumb\"},\"inLanguage\":\"es\",\"potentialAction\":[{\"@type\":\"ReadAction\",\"target\":[\"https:\\\/\\\/www.wrmeadows.com\\\/es\\\/todo-lo-que-siempre-quiso-saber-sobre-las-barreras-de-vapor-para-sotano\\\/\"]}]},{\"@type\":\"BreadcrumbList\",\"@id\":\"https:\\\/\\\/www.wrmeadows.com\\\/es\\\/todo-lo-que-siempre-quiso-saber-sobre-las-barreras-de-vapor-para-sotano\\\/#breadcrumb\",\"itemListElement\":[{\"@type\":\"ListItem\",\"position\":1,\"name\":\"Home\",\"item\":\"https:\\\/\\\/www.wrmeadows.com\\\/es\\\/\"},{\"@type\":\"ListItem\",\"position\":2,\"name\":\"Todo lo que siempre quiso saber sobre las barreras de vapor para s\u00f3tano\"}]},{\"@type\":\"WebSite\",\"@id\":\"https:\\\/\\\/www.wrmeadows.com\\\/es\\\/#website\",\"url\":\"https:\\\/\\\/www.wrmeadows.com\\\/es\\\/\",\"name\":\"W. R. Meadows\",\"description\":\"Concrete Construction Products Manufacturer\",\"publisher\":{\"@id\":\"https:\\\/\\\/www.wrmeadows.com\\\/es\\\/#organization\"},\"potentialAction\":[{\"@type\":\"SearchAction\",\"target\":{\"@type\":\"EntryPoint\",\"urlTemplate\":\"https:\\\/\\\/www.wrmeadows.com\\\/es\\\/?s={search_term_string}\"},\"query-input\":{\"@type\":\"PropertyValueSpecification\",\"valueRequired\":true,\"valueName\":\"search_term_string\"}}],\"inLanguage\":\"es\"},{\"@type\":\"Organization\",\"@id\":\"https:\\\/\\\/www.wrmeadows.com\\\/es\\\/#organization\",\"name\":\"W. R. Meadows\",\"url\":\"https:\\\/\\\/www.wrmeadows.com\\\/es\\\/\",\"logo\":{\"@type\":\"ImageObject\",\"inLanguage\":\"es\",\"@id\":\"https:\\\/\\\/www.wrmeadows.com\\\/es\\\/#\\\/schema\\\/logo\\\/image\\\/\",\"url\":\"https:\\\/\\\/www.wrmeadows.com\\\/wp-content\\\/uploads\\\/logo-3.jpg\",\"contentUrl\":\"https:\\\/\\\/www.wrmeadows.com\\\/wp-content\\\/uploads\\\/logo-3.jpg\",\"width\":709,\"height\":709,\"caption\":\"W. R. Meadows\"},\"image\":{\"@id\":\"https:\\\/\\\/www.wrmeadows.com\\\/es\\\/#\\\/schema\\\/logo\\\/image\\\/\"},\"sameAs\":[\"https:\\\/\\\/www.facebook.com\\\/wrmeadows\",\"https:\\\/\\\/x.com\\\/wrmeadows\",\"https:\\\/\\\/www.linkedin.com\\\/company\\\/w-r-meadows-inc\",\"https:\\\/\\\/www.youtube.com\\\/WrmeadowsTraining\",\"https:\\\/\\\/www.instagram.com\\\/wrmeadowsinc\\\/\"]}]}<\/script>\n<!-- \/ Yoast SEO Premium plugin. -->","yoast_head_json":{"title":"Todo lo que siempre quiso saber sobre las barreras de vapor para s\u00f3tano - W. R. Meadows","robots":{"index":"index","follow":"follow","max-snippet":"max-snippet:-1","max-image-preview":"max-image-preview:large","max-video-preview":"max-video-preview:-1"},"canonical":"https:\/\/www.wrmeadows.com\/es\/todo-lo-que-siempre-quiso-saber-sobre-las-barreras-de-vapor-para-sotano\/","og_locale":"en_US","og_type":"article","og_title":"Todo lo que siempre quiso saber sobre las barreras de vapor para s\u00f3tano","og_url":"https:\/\/www.wrmeadows.com\/es\/todo-lo-que-siempre-quiso-saber-sobre-las-barreras-de-vapor-para-sotano\/","og_site_name":"W. R. Meadows","article_publisher":"https:\/\/www.facebook.com\/wrmeadows","twitter_card":"summary_large_image","twitter_site":"@wrmeadows","twitter_misc":{"Tiempo de lectura":"8 minutos"},"schema":{"@context":"https:\/\/schema.org","@graph":[{"@type":"WebPage","@id":"https:\/\/www.wrmeadows.com\/es\/todo-lo-que-siempre-quiso-saber-sobre-las-barreras-de-vapor-para-sotano\/","url":"https:\/\/www.wrmeadows.com\/es\/todo-lo-que-siempre-quiso-saber-sobre-las-barreras-de-vapor-para-sotano\/","name":"Todo lo que siempre quiso saber sobre las barreras de vapor para s\u00f3tano - W. R. Meadows","isPartOf":{"@id":"https:\/\/www.wrmeadows.com\/es\/#website"},"datePublished":"2022-02-23T23:13:50+00:00","breadcrumb":{"@id":"https:\/\/www.wrmeadows.com\/es\/todo-lo-que-siempre-quiso-saber-sobre-las-barreras-de-vapor-para-sotano\/#breadcrumb"},"inLanguage":"es","potentialAction":[{"@type":"ReadAction","target":["https:\/\/www.wrmeadows.com\/es\/todo-lo-que-siempre-quiso-saber-sobre-las-barreras-de-vapor-para-sotano\/"]}]},{"@type":"BreadcrumbList","@id":"https:\/\/www.wrmeadows.com\/es\/todo-lo-que-siempre-quiso-saber-sobre-las-barreras-de-vapor-para-sotano\/#breadcrumb","itemListElement":[{"@type":"ListItem","position":1,"name":"Home","item":"https:\/\/www.wrmeadows.com\/es\/"},{"@type":"ListItem","position":2,"name":"Todo lo que siempre quiso saber sobre las barreras de vapor para s\u00f3tano"}]},{"@type":"WebSite","@id":"https:\/\/www.wrmeadows.com\/es\/#website","url":"https:\/\/www.wrmeadows.com\/es\/","name":"W. R. Meadows","description":"Concrete Construction Products Manufacturer","publisher":{"@id":"https:\/\/www.wrmeadows.com\/es\/#organization"},"potentialAction":[{"@type":"SearchAction","target":{"@type":"EntryPoint","urlTemplate":"https:\/\/www.wrmeadows.com\/es\/?s={search_term_string}"},"query-input":{"@type":"PropertyValueSpecification","valueRequired":true,"valueName":"search_term_string"}}],"inLanguage":"es"},{"@type":"Organization","@id":"https:\/\/www.wrmeadows.com\/es\/#organization","name":"W. R. Meadows","url":"https:\/\/www.wrmeadows.com\/es\/","logo":{"@type":"ImageObject","inLanguage":"es","@id":"https:\/\/www.wrmeadows.com\/es\/#\/schema\/logo\/image\/","url":"https:\/\/www.wrmeadows.com\/wp-content\/uploads\/logo-3.jpg","contentUrl":"https:\/\/www.wrmeadows.com\/wp-content\/uploads\/logo-3.jpg","width":709,"height":709,"caption":"W. R. Meadows"},"image":{"@id":"https:\/\/www.wrmeadows.com\/es\/#\/schema\/logo\/image\/"},"sameAs":["https:\/\/www.facebook.com\/wrmeadows","https:\/\/x.com\/wrmeadows","https:\/\/www.linkedin.com\/company\/w-r-meadows-inc","https:\/\/www.youtube.com\/WrmeadowsTraining","https:\/\/www.instagram.com\/wrmeadowsinc\/"]}]}},"_links":{"self":[{"href":"https:\/\/www.wrmeadows.com\/es\/wp-json\/wp\/v2\/pages\/53919","targetHints":{"allow":["GET"]}}],"collection":[{"href":"https:\/\/www.wrmeadows.com\/es\/wp-json\/wp\/v2\/pages"}],"about":[{"href":"https:\/\/www.wrmeadows.com\/es\/wp-json\/wp\/v2\/types\/page"}],"author":[{"embeddable":true,"href":"https:\/\/www.wrmeadows.com\/es\/wp-json\/wp\/v2\/users\/1"}],"replies":[{"embeddable":true,"href":"https:\/\/www.wrmeadows.com\/es\/wp-json\/wp\/v2\/comments?post=53919"}],"version-history":[{"count":0,"href":"https:\/\/www.wrmeadows.com\/es\/wp-json\/wp\/v2\/pages\/53919\/revisions"}],"wp:attachment":[{"href":"https:\/\/www.wrmeadows.com\/es\/wp-json\/wp\/v2\/media?parent=53919"}],"curies":[{"name":"wp","href":"https:\/\/api.w.org\/{rel}","templated":true}]}}