{"id":62119,"date":"2023-10-09T14:30:56","date_gmt":"2023-10-09T19:30:56","guid":{"rendered":"https:\/\/www.wrmeadows.com\/?page_id=62119"},"modified":"2023-10-09T16:53:36","modified_gmt":"2023-10-09T21:53:36","slug":"como-impermeabilizo-un-pozo-de-elevador","status":"publish","type":"page","link":"https:\/\/www.wrmeadows.com\/es\/como-impermeabilizo-un-pozo-de-elevador\/","title":{"rendered":"\u00bfC\u00f3mo impermeabilizo un pozo de elevador?"},"content":{"rendered":"<p><strong>Por: Gary Tench<\/strong><\/p>\n<p><img loading=\"lazy\" decoding=\"async\" data-attachment-id=\"55791\" data-permalink=\"https:\/\/www.wrmeadows.com\/es\/blog\/how-do-i-waterproof-an-elevator-pit\/elevator-pit-waterproofing-2\/\" data-orig-file=\"https:\/\/www.wrmeadows.com\/wp-content\/uploads\/Elevator-Pit-Waterproofing.jpg\" data-orig-size=\"587,389\" data-comments-opened=\"0\" data-image-meta=\"{&quot;aperture&quot;:&quot;0&quot;,&quot;credit&quot;:&quot;Brad Hull&quot;,&quot;camera&quot;:&quot;&quot;,&quot;caption&quot;:&quot;&quot;,&quot;created_timestamp&quot;:&quot;1658840937&quot;,&quot;copyright&quot;:&quot;&quot;,&quot;focal_length&quot;:&quot;0&quot;,&quot;iso&quot;:&quot;0&quot;,&quot;shutter_speed&quot;:&quot;0&quot;,&quot;title&quot;:&quot;&quot;,&quot;orientation&quot;:&quot;0&quot;}\" data-image-title=\"Elevator Pit Waterproofing\" data-image-description=\"\" data-image-caption=\"\" data-large-file=\"https:\/\/www.wrmeadows.com\/wp-content\/uploads\/Elevator-Pit-Waterproofing.jpg\" src=\"https:\/\/www.wrmeadows.com\/wp-content\/uploads\/Elevator-Pit-Waterproofing.jpg\" alt=\"Elevator Pit Waterproofing Jobsite\" width=\"587\" height=\"389\" class=\"alignnone size-full wp-image-55791\" srcset=\"https:\/\/www.wrmeadows.com\/wp-content\/uploads\/Elevator-Pit-Waterproofing.jpg 587w, https:\/\/www.wrmeadows.com\/wp-content\/uploads\/Elevator-Pit-Waterproofing-300x199.jpg 300w, https:\/\/www.wrmeadows.com\/wp-content\/uploads\/Elevator-Pit-Waterproofing-50x33.jpg 50w, https:\/\/www.wrmeadows.com\/wp-content\/uploads\/Elevator-Pit-Waterproofing-250x166.jpg 250w\" sizes=\"auto, (max-width: 587px) 100vw, 587px\" \/><\/p>\n<p>Recibimos muchas preguntas acerca de c\u00f3mo impermeabilizar un pozo de elevador, por lo que nuestro representante t\u00e9cnico de Canad\u00e1 Gary Tench, el &#8216;encantador de pozos de elevador&#8217;, pens\u00f3 que ya era tiempo de escribir un art\u00edculo acerca de las mejores pr\u00e1cticas. Esto es lo que dijo Gary:<\/p>\n<p>Hay dos m\u00e9todos para impermeabilizar un pozo de elevador: desde el exterior o desde el interior. Impermeabilizar desde el exterior, tambi\u00e9n conocido como <strong><em>impermeabilizaci\u00f3n de lado positivo<\/em><\/strong>, es el mejor m\u00e9todo para proteger el concreto, el acero y tambi\u00e9n el espacio interior. Cuando impermeabiliza sus pozos de elevador durante los trabajos previos a la construcci\u00f3n, obtiene el m\u00e1ximo rendimiento del sistema de impermeabilizaci\u00f3n cuando usa los procedimientos adecuados de aplicaci\u00f3n. La advertencia para esto es que los contratistas de impermeabilizaci\u00f3n <em>deben<\/em> seguir los estrictos protocolos de aplicaci\u00f3n al pie de la letra.<\/p>\n<p>La segunda situaci\u00f3n es impermeabilizar sus pozos de elevador desde el interior, tambi\u00e9n conocido como <strong><em>impermeabilizaci\u00f3n de lado negativo<\/em><\/strong>. Seg\u00fan el proyecto, esto puede ser una construcci\u00f3n nueva, o se puede realizar como parte de un proyecto de restauraci\u00f3n. Se sorprender\u00eda (\u00bfo quiz\u00e1s no?) con la cantidad de llamadas que recibimos de jefes de mantenimiento de edificios de varios pisos. A menudo son personas con mala suerte que se llevan la culpa, porque heredaron un historial de mala prevenci\u00f3n y protecci\u00f3n de impermeabilizaci\u00f3n en sus pozos de elevador.<\/p>\n<p>Como ver\u00e1, la mayor\u00eda de las personas cree que es adecuado solo cubrir las paredes del pozo del elevador con alg\u00fan tipo de recubrimiento no respirable para \u201cimpermeabilizarlos\u201d, sin darse cuenta que estos tipos de recubrimiento atrapan la humedad y esto provoca que se generen burbujas y se descascaren de la superficie de concreto, lo que deja a los elevadores sin protecci\u00f3n real. La presi\u00f3n hidrost\u00e1tica que se entromete en los alrededores de la estructura sigue atravesando hasta que hay una fuga peque\u00f1a, la que luego se convierte en una fuga mucho m\u00e1s grande que puede ser muy costosa, as\u00ed como tambi\u00e9n generar un problema de relaciones p\u00fablicas con los ocupantes del edificio.<\/p>\n<p>El jefe de mantenimiento, no consciente de esto, llega a trabajar una ma\u00f1ana y se encuentra con dos pies de agua en el fondo del pozo del elevador. Como resultado de esto, tienen que apagar los elevadores, intentar sacar esta agua, lo que a veces puede ser muy complicado, y luego abordar la causa de la fuga. Al mismo tiempo, tambi\u00e9n tienen que lidiar con inquilinos enojados.<\/p>\n<p>Cuando nos llaman, est\u00e1n en p\u00e1nico.<\/p>\n<p>La buena noticia: <strong>hay <em>una<\/em> manera rentable de prevenir esta situaci\u00f3n por completo<\/strong>, la que explicar\u00e9 en un momento; pero primero, hablemos acerca de los <strong>pasos que debe tomar para impermeabilizar su pozo de elevador desde el interior. Esto es lo que debe hacer:<\/strong><\/p>\n<ul>\n<li>Apagar los elevadores.<\/li>\n<li>Identificar de d\u00f3nde provienen las fugas. Esto es fundamental. Las fugas pueden haber estado ah\u00ed por a\u00f1os y, como sabemos el agua <em>siempre<\/em> encuentra la ruta de menos resistencia. Grietas, juntas y concreto mal consolidado son los &#8216;sospechosos usuales&#8217; de la filtraci\u00f3n de agua.<\/li>\n<li>Bombear el agua para sacarla del pozo del elevador puede ser muy complicado. Los factores que determinan el mejor protocolo para sacar el agua depender\u00e1n de d\u00f3nde est\u00e9. Si est\u00e1 en un \u00e1rea urbana con mucha poblaci\u00f3n, <em>puede<\/em> ser log\u00edsticamente complicado. Es posible que tenga requisitos municipales locales, y que la profundidad del pozo del elevador tambi\u00e9n afecte a la soluci\u00f3n de extracci\u00f3n de agua. Sin importar esto, esta agua <em>se debe<\/em><\/li>\n<li>Una vez que haya bombeado el agua para sacarla, deber\u00e1 llevar varios ventiladores industriales para secar el pozo del elevador. Es una molestia tener que meterlos al pozo del elevador, pero <em>se debe<\/em> Se debe secar el \u00e1rea.<\/li>\n<li>Antes de seleccionar el material de impermeabilizaci\u00f3n, es fundamental que determine si hay un aditivo u otro tipo de material en o dentro del concreto que podr\u00eda estorbar la reparaci\u00f3n, o que podr\u00eda repeler el recubrimiento que voy a recomendar que use. Con suerte, podr\u00e1 acceder a esta informaci\u00f3n a trav\u00e9s del ingeniero original, el contratista o el due\u00f1o del inmueble. De no ser as\u00ed, entonces hay m\u00e9todos (como la toma de muestra de n\u00facleo) que puede ayudarlo a determinar esto. De ser as\u00ed, necesitaremos los resultados de esa muestra de n\u00facleo para identificar la mejor soluci\u00f3n alternativa.<\/li>\n<li>Luego, inspeccione el concreto para determinar qu\u00e9 se debe hacer para repararlo. \u00bfHay grietas? \u00bfEst\u00e1 deteriorado el concreto al nivel de que el acero reforzado est\u00e1 expuesto? Es fundamental que se reparen todas estas \u00e1reas. Si hay fugas activas, los m\u00e9todos para abordar estas incluyen inyecci\u00f3n de uretano, o posiblemente un cemento hidr\u00e1ulico, ambos dise\u00f1ados para detener el flujo de agua. Un cemento hidr\u00e1ulico reacciona con el agua y se calienta, lo que permite que se cure. Esto es muy eficaz en situaciones de fugas activas de agua. Si no es factible, entonces una inyecci\u00f3n de uretano para grietas es un m\u00e9todo eficaz (y bastante costoso).<\/li>\n<li>Tambi\u00e9n hay morteros de parchado y reparaci\u00f3n. Estos tipos de materiales impermeabilizantes se pueden mezclar solo con agua y aplicar sin mucha capacitaci\u00f3n; sin embargo, esto puede ser algo riesgoso ya que, sin una comprensi\u00f3n plena de las t\u00e9cnicas y los materiales de impermeabilizaci\u00f3n, la reparaci\u00f3n puede no ser tan eficaz, lo que lo dejar\u00e1 de nuevo en el comienzo. (En un mundo perfecto, no hay problemas con que su superficie de concreto repela el agua, y una vez que se complete toda la preparaci\u00f3n y las reparaciones de la superficie, el material se puede aplicar con bastante facilidad).<\/li>\n<li>Es dif\u00edcil meter una hidrolavadora en un espacio cerrado como el pozo de un elevador, por lo que es posible que deba desbastar <em>mec\u00e1nicamente<\/em> la superficie de concreto para abrir los poros. No es problema si hay un poco de humedad en la superficie: querr\u00e1 que est\u00e9 SSD, o <strong><em>saturado, superficialmente seco<\/em><\/strong>; donde no est\u00e9 <em>mojado<\/em> en la superficie, pero s\u00ed est\u00e9 <em>h\u00famedo<\/em>. La humedad dentro del concreto ayuda en la uni\u00f3n y penetraci\u00f3n del material de impermeabilizaci\u00f3n en los poros.<\/li>\n<li>Una vez aplicado el material de impermeabilizaci\u00f3n, es fundamental proteger la superficie contra el secado. Deber\u00e1 mantener esa superficie h\u00fameda durante 72 horas para curar completamente el material de impermeabilizaci\u00f3n.<\/li>\n<\/ul>\n<p>Lo que describ\u00ed es una situaci\u00f3n t\u00edpica. Sin embargo; si su pozo de elevador est\u00e1 contaminado de alg\u00fan modo (con productos qu\u00edmicos o l\u00edquidos hidr\u00e1ulicos), se requerir\u00eda un m\u00e9todo alternativo de protecci\u00f3n, pero esta situaci\u00f3n es poco com\u00fan.<\/p>\n<p><strong>La prevenci\u00f3n vale mucho rendimiento de la inversi\u00f3n<\/strong><\/p>\n<p>Recomiendo a <strong><em>todos<\/em><\/strong> los ingenieros de construcci\u00f3n, jefes de mantenimiento y propietarios que gasten el dinero adicional por adelantado para impermeabilizar sus pozos de elevador con un producto de primera calidad <a href=\"https:\/\/www.wrmeadows.com\/blog\/how-do-vocs-affect-my-construction-project\/\">sin VOC (compuestos org\u00e1nicos vol\u00e1tiles)<\/a>. Financieramente, aun as\u00ed, tendr\u00e1n ventaja. Usar este tipo de material evitar\u00e1 anualmente los contratiempos, mano de obra y costos de recubrimiento no respirable, as\u00ed como tambi\u00e9n los contratiempos m\u00e1s costosos de fugas en el elevador en una situaci\u00f3n de emergencia, lo que <em>tambi\u00e9n<\/em> puede provocar que el propietario del inmueble pierda inquilinos valiosos que pagan constantemente.<\/p>\n<p><strong>Nuestros productos de impermeabilizaci\u00f3n GEMITE<\/strong> <strong>pueden sobrevivir d\u00e9cadas de servicio<\/strong> <strong>cuando se aplican correctamente<\/strong>. Desaf\u00edo a cualquier persona a que haga un an\u00e1lisis de costos de la reinspecci\u00f3n y tratamiento anuales, en comparaci\u00f3n con recubrir el pozo del elevador por adelantado. Eliminar\u00e1 los gastos de cuidado anuales asignados para el mantenimiento anual, adem\u00e1s de los costos y el tiempo de inactividad asociados con una reparaci\u00f3n importante.<\/p>\n<p>Si tiene preguntas acerca de la impermeabilizaci\u00f3n de los pozos de elevador, no dude en <a href=\"https:\/\/www.linkedin.com\/in\/gary-tench-8a8374157\/\">conectarse conmigo en LinkedIn<\/a>, enviar un correo electr\u00f3nico a <a href=\"mailto:gmtench@wrmeadows.com\">gmtench@wrmeadows.com<\/a>, o llamar al <strong>1-800-342-5976. <\/strong><\/p>\n<p><strong>A continuaci\u00f3n, ver\u00e1 una lista de productos comparable con los mencionados en este art\u00edculo:<\/strong><\/p>\n<ul>\n<li><strong>Cemento hidr\u00e1ulico = <\/strong><a href=\"https:\/\/www.wrmeadows.com\/es\/meadow-plug-espanol\/\"><strong>MEADOW-PLUG<\/strong><\/a><\/li>\n<li><strong>Impermeabilizaci\u00f3n por cristalizaci\u00f3n = <\/strong><a href=\"https:\/\/www.wrmeadows.com\/es\/cem-kote-cw-plus-espanol\/\"><strong>CEM-KOTE CW PLUS<\/strong><\/a><\/li>\n<li><strong>Recubrimiento cementoso flexible = <\/strong><a href=\"https:\/\/www.wrmeadows.com\/cem-kote-flex-st-flexible-cementitious-waterproofing\/\"><strong>CEM-KOTE FLEX ST<\/strong><\/a><\/li>\n<li><strong>Recubrimiento cementoso flexible resistente a los productos qu\u00edmicos = <\/strong><strong>CEM-KOTE FLEX CR<\/strong><\/li>\n<li><strong>Morteros de parchado y reparaci\u00f3n: <\/strong><strong>Opciones de mortero de parchado y reparaci\u00f3n de W.R.\u00a0MEADOWS<\/strong><\/li>\n<\/ul>\n","protected":false},"excerpt":{"rendered":"<p>Por: Gary Tench Recibimos muchas preguntas acerca de c\u00f3mo impermeabilizar un pozo de elevador, por lo que nuestro representante t\u00e9cnico de Canad\u00e1 Gary Tench, el &#8216;encantador de pozos de elevador&#8217;,&hellip;<\/p>\n","protected":false},"author":1,"featured_media":0,"parent":0,"menu_order":0,"comment_status":"closed","ping_status":"closed","template":"","meta":{"_acf_changed":false,"content-type":"","_genesis_hide_title":false,"_genesis_hide_breadcrumbs":false,"_genesis_hide_singular_image":false,"_genesis_hide_footer_widgets":false,"_genesis_custom_body_class":"","_genesis_custom_post_class":"","_genesis_layout":"","footnotes":""},"class_list":["post-62119","page","type-page","status-publish","entry"],"acf":[],"yoast_head":"<!-- This site is optimized with the Yoast SEO Premium plugin v27.4 (Yoast SEO v27.4) - https:\/\/yoast.com\/product\/yoast-seo-premium-wordpress\/ -->\n<title>\u00bfC\u00f3mo impermeabilizo un pozo de elevador? - W. R. Meadows<\/title>\n<meta name=\"robots\" content=\"index, follow, max-snippet:-1, max-image-preview:large, max-video-preview:-1\" \/>\n<link rel=\"canonical\" href=\"https:\/\/www.wrmeadows.com\/es\/como-impermeabilizo-un-pozo-de-elevador\/\" \/>\n<meta property=\"og:locale\" content=\"en_US\" \/>\n<meta property=\"og:type\" content=\"article\" \/>\n<meta property=\"og:title\" content=\"\u00bfC\u00f3mo impermeabilizo un pozo de elevador?\" \/>\n<meta property=\"og:url\" content=\"https:\/\/www.wrmeadows.com\/es\/como-impermeabilizo-un-pozo-de-elevador\/\" \/>\n<meta property=\"og:site_name\" content=\"W. R. Meadows\" \/>\n<meta property=\"article:publisher\" content=\"https:\/\/www.facebook.com\/wrmeadows\" \/>\n<meta property=\"article:modified_time\" content=\"2023-10-09T21:53:36+00:00\" \/>\n<meta property=\"og:image\" content=\"https:\/\/www.wrmeadows.com\/wp-content\/uploads\/Elevator-Pit-Waterproofing.jpg\" \/>\n<meta name=\"twitter:card\" content=\"summary_large_image\" \/>\n<meta name=\"twitter:site\" content=\"@wrmeadows\" \/>\n<meta name=\"twitter:label1\" content=\"Tiempo de lectura\" \/>\n\t<meta name=\"twitter:data1\" content=\"7 minutos\" \/>\n<script type=\"application\/ld+json\" class=\"yoast-schema-graph\">{\"@context\":\"https:\\\/\\\/schema.org\",\"@graph\":[{\"@type\":\"WebPage\",\"@id\":\"https:\\\/\\\/www.wrmeadows.com\\\/es\\\/como-impermeabilizo-un-pozo-de-elevador\\\/\",\"url\":\"https:\\\/\\\/www.wrmeadows.com\\\/es\\\/como-impermeabilizo-un-pozo-de-elevador\\\/\",\"name\":\"\u00bfC\u00f3mo impermeabilizo un pozo de elevador? - W. R. Meadows\",\"isPartOf\":{\"@id\":\"https:\\\/\\\/www.wrmeadows.com\\\/es\\\/#website\"},\"primaryImageOfPage\":{\"@id\":\"https:\\\/\\\/www.wrmeadows.com\\\/es\\\/como-impermeabilizo-un-pozo-de-elevador\\\/#primaryimage\"},\"image\":{\"@id\":\"https:\\\/\\\/www.wrmeadows.com\\\/es\\\/como-impermeabilizo-un-pozo-de-elevador\\\/#primaryimage\"},\"thumbnailUrl\":\"https:\\\/\\\/www.wrmeadows.com\\\/wp-content\\\/uploads\\\/Elevator-Pit-Waterproofing.jpg\",\"datePublished\":\"2023-10-09T19:30:56+00:00\",\"dateModified\":\"2023-10-09T21:53:36+00:00\",\"breadcrumb\":{\"@id\":\"https:\\\/\\\/www.wrmeadows.com\\\/es\\\/como-impermeabilizo-un-pozo-de-elevador\\\/#breadcrumb\"},\"inLanguage\":\"es\",\"potentialAction\":[{\"@type\":\"ReadAction\",\"target\":[\"https:\\\/\\\/www.wrmeadows.com\\\/es\\\/como-impermeabilizo-un-pozo-de-elevador\\\/\"]}]},{\"@type\":\"ImageObject\",\"inLanguage\":\"es\",\"@id\":\"https:\\\/\\\/www.wrmeadows.com\\\/es\\\/como-impermeabilizo-un-pozo-de-elevador\\\/#primaryimage\",\"url\":\"https:\\\/\\\/www.wrmeadows.com\\\/wp-content\\\/uploads\\\/Elevator-Pit-Waterproofing.jpg\",\"contentUrl\":\"https:\\\/\\\/www.wrmeadows.com\\\/wp-content\\\/uploads\\\/Elevator-Pit-Waterproofing.jpg\"},{\"@type\":\"BreadcrumbList\",\"@id\":\"https:\\\/\\\/www.wrmeadows.com\\\/es\\\/como-impermeabilizo-un-pozo-de-elevador\\\/#breadcrumb\",\"itemListElement\":[{\"@type\":\"ListItem\",\"position\":1,\"name\":\"Home\",\"item\":\"https:\\\/\\\/www.wrmeadows.com\\\/es\\\/\"},{\"@type\":\"ListItem\",\"position\":2,\"name\":\"\u00bfC\u00f3mo impermeabilizo un pozo de elevador?\"}]},{\"@type\":\"WebSite\",\"@id\":\"https:\\\/\\\/www.wrmeadows.com\\\/es\\\/#website\",\"url\":\"https:\\\/\\\/www.wrmeadows.com\\\/es\\\/\",\"name\":\"W. R. Meadows\",\"description\":\"Concrete Construction Products Manufacturer\",\"publisher\":{\"@id\":\"https:\\\/\\\/www.wrmeadows.com\\\/es\\\/#organization\"},\"potentialAction\":[{\"@type\":\"SearchAction\",\"target\":{\"@type\":\"EntryPoint\",\"urlTemplate\":\"https:\\\/\\\/www.wrmeadows.com\\\/es\\\/?s={search_term_string}\"},\"query-input\":{\"@type\":\"PropertyValueSpecification\",\"valueRequired\":true,\"valueName\":\"search_term_string\"}}],\"inLanguage\":\"es\"},{\"@type\":\"Organization\",\"@id\":\"https:\\\/\\\/www.wrmeadows.com\\\/es\\\/#organization\",\"name\":\"W. R. Meadows\",\"url\":\"https:\\\/\\\/www.wrmeadows.com\\\/es\\\/\",\"logo\":{\"@type\":\"ImageObject\",\"inLanguage\":\"es\",\"@id\":\"https:\\\/\\\/www.wrmeadows.com\\\/es\\\/#\\\/schema\\\/logo\\\/image\\\/\",\"url\":\"https:\\\/\\\/www.wrmeadows.com\\\/wp-content\\\/uploads\\\/logo-3.jpg\",\"contentUrl\":\"https:\\\/\\\/www.wrmeadows.com\\\/wp-content\\\/uploads\\\/logo-3.jpg\",\"width\":709,\"height\":709,\"caption\":\"W. R. Meadows\"},\"image\":{\"@id\":\"https:\\\/\\\/www.wrmeadows.com\\\/es\\\/#\\\/schema\\\/logo\\\/image\\\/\"},\"sameAs\":[\"https:\\\/\\\/www.facebook.com\\\/wrmeadows\",\"https:\\\/\\\/x.com\\\/wrmeadows\",\"https:\\\/\\\/www.linkedin.com\\\/company\\\/w-r-meadows-inc\",\"https:\\\/\\\/www.youtube.com\\\/WrmeadowsTraining\",\"https:\\\/\\\/www.instagram.com\\\/wrmeadowsinc\\\/\"]}]}<\/script>\n<!-- \/ Yoast SEO Premium plugin. -->","yoast_head_json":{"title":"\u00bfC\u00f3mo impermeabilizo un pozo de elevador? - W. R. Meadows","robots":{"index":"index","follow":"follow","max-snippet":"max-snippet:-1","max-image-preview":"max-image-preview:large","max-video-preview":"max-video-preview:-1"},"canonical":"https:\/\/www.wrmeadows.com\/es\/como-impermeabilizo-un-pozo-de-elevador\/","og_locale":"en_US","og_type":"article","og_title":"\u00bfC\u00f3mo impermeabilizo un pozo de elevador?","og_url":"https:\/\/www.wrmeadows.com\/es\/como-impermeabilizo-un-pozo-de-elevador\/","og_site_name":"W. R. Meadows","article_publisher":"https:\/\/www.facebook.com\/wrmeadows","article_modified_time":"2023-10-09T21:53:36+00:00","og_image":[{"url":"https:\/\/www.wrmeadows.com\/wp-content\/uploads\/Elevator-Pit-Waterproofing.jpg","type":"","width":"","height":""}],"twitter_card":"summary_large_image","twitter_site":"@wrmeadows","twitter_misc":{"Tiempo de lectura":"7 minutos"},"schema":{"@context":"https:\/\/schema.org","@graph":[{"@type":"WebPage","@id":"https:\/\/www.wrmeadows.com\/es\/como-impermeabilizo-un-pozo-de-elevador\/","url":"https:\/\/www.wrmeadows.com\/es\/como-impermeabilizo-un-pozo-de-elevador\/","name":"\u00bfC\u00f3mo impermeabilizo un pozo de elevador? - W. R. Meadows","isPartOf":{"@id":"https:\/\/www.wrmeadows.com\/es\/#website"},"primaryImageOfPage":{"@id":"https:\/\/www.wrmeadows.com\/es\/como-impermeabilizo-un-pozo-de-elevador\/#primaryimage"},"image":{"@id":"https:\/\/www.wrmeadows.com\/es\/como-impermeabilizo-un-pozo-de-elevador\/#primaryimage"},"thumbnailUrl":"https:\/\/www.wrmeadows.com\/wp-content\/uploads\/Elevator-Pit-Waterproofing.jpg","datePublished":"2023-10-09T19:30:56+00:00","dateModified":"2023-10-09T21:53:36+00:00","breadcrumb":{"@id":"https:\/\/www.wrmeadows.com\/es\/como-impermeabilizo-un-pozo-de-elevador\/#breadcrumb"},"inLanguage":"es","potentialAction":[{"@type":"ReadAction","target":["https:\/\/www.wrmeadows.com\/es\/como-impermeabilizo-un-pozo-de-elevador\/"]}]},{"@type":"ImageObject","inLanguage":"es","@id":"https:\/\/www.wrmeadows.com\/es\/como-impermeabilizo-un-pozo-de-elevador\/#primaryimage","url":"https:\/\/www.wrmeadows.com\/wp-content\/uploads\/Elevator-Pit-Waterproofing.jpg","contentUrl":"https:\/\/www.wrmeadows.com\/wp-content\/uploads\/Elevator-Pit-Waterproofing.jpg"},{"@type":"BreadcrumbList","@id":"https:\/\/www.wrmeadows.com\/es\/como-impermeabilizo-un-pozo-de-elevador\/#breadcrumb","itemListElement":[{"@type":"ListItem","position":1,"name":"Home","item":"https:\/\/www.wrmeadows.com\/es\/"},{"@type":"ListItem","position":2,"name":"\u00bfC\u00f3mo impermeabilizo un pozo de elevador?"}]},{"@type":"WebSite","@id":"https:\/\/www.wrmeadows.com\/es\/#website","url":"https:\/\/www.wrmeadows.com\/es\/","name":"W. R. Meadows","description":"Concrete Construction Products Manufacturer","publisher":{"@id":"https:\/\/www.wrmeadows.com\/es\/#organization"},"potentialAction":[{"@type":"SearchAction","target":{"@type":"EntryPoint","urlTemplate":"https:\/\/www.wrmeadows.com\/es\/?s={search_term_string}"},"query-input":{"@type":"PropertyValueSpecification","valueRequired":true,"valueName":"search_term_string"}}],"inLanguage":"es"},{"@type":"Organization","@id":"https:\/\/www.wrmeadows.com\/es\/#organization","name":"W. R. Meadows","url":"https:\/\/www.wrmeadows.com\/es\/","logo":{"@type":"ImageObject","inLanguage":"es","@id":"https:\/\/www.wrmeadows.com\/es\/#\/schema\/logo\/image\/","url":"https:\/\/www.wrmeadows.com\/wp-content\/uploads\/logo-3.jpg","contentUrl":"https:\/\/www.wrmeadows.com\/wp-content\/uploads\/logo-3.jpg","width":709,"height":709,"caption":"W. R. Meadows"},"image":{"@id":"https:\/\/www.wrmeadows.com\/es\/#\/schema\/logo\/image\/"},"sameAs":["https:\/\/www.facebook.com\/wrmeadows","https:\/\/x.com\/wrmeadows","https:\/\/www.linkedin.com\/company\/w-r-meadows-inc","https:\/\/www.youtube.com\/WrmeadowsTraining","https:\/\/www.instagram.com\/wrmeadowsinc\/"]}]}},"_links":{"self":[{"href":"https:\/\/www.wrmeadows.com\/es\/wp-json\/wp\/v2\/pages\/62119","targetHints":{"allow":["GET"]}}],"collection":[{"href":"https:\/\/www.wrmeadows.com\/es\/wp-json\/wp\/v2\/pages"}],"about":[{"href":"https:\/\/www.wrmeadows.com\/es\/wp-json\/wp\/v2\/types\/page"}],"author":[{"embeddable":true,"href":"https:\/\/www.wrmeadows.com\/es\/wp-json\/wp\/v2\/users\/1"}],"replies":[{"embeddable":true,"href":"https:\/\/www.wrmeadows.com\/es\/wp-json\/wp\/v2\/comments?post=62119"}],"version-history":[{"count":0,"href":"https:\/\/www.wrmeadows.com\/es\/wp-json\/wp\/v2\/pages\/62119\/revisions"}],"wp:attachment":[{"href":"https:\/\/www.wrmeadows.com\/es\/wp-json\/wp\/v2\/media?parent=62119"}],"curies":[{"name":"wp","href":"https:\/\/api.w.org\/{rel}","templated":true}]}}