{"id":62134,"date":"2023-10-10T15:01:38","date_gmt":"2023-10-10T20:01:38","guid":{"rendered":"https:\/\/www.wrmeadows.com\/?page_id=62134"},"modified":"2023-10-10T15:08:16","modified_gmt":"2023-10-10T20:08:16","slug":"impermeabilizacion-por-cristalizacion","status":"publish","type":"page","link":"https:\/\/www.wrmeadows.com\/es\/impermeabilizacion-por-cristalizacion\/","title":{"rendered":"Impermeabilizaci\u00f3n por cristalizaci\u00f3n"},"content":{"rendered":"<h2>La ciencia detr\u00e1s de ella y por qu\u00e9 es importante<\/h2>\n<p><img loading=\"lazy\" decoding=\"async\" data-attachment-id=\"60566\" data-permalink=\"https:\/\/www.wrmeadows.com\/es\/blog\/crystalline-waterproofing-systems\/crystalline-waterproofing-systems-2\/\" data-orig-file=\"https:\/\/www.wrmeadows.com\/wp-content\/uploads\/Crystalline-Waterproofing-Systems.jpg\" data-orig-size=\"794,398\" data-comments-opened=\"0\" data-image-meta=\"{&quot;aperture&quot;:&quot;0&quot;,&quot;credit&quot;:&quot;Brad Hull&quot;,&quot;camera&quot;:&quot;&quot;,&quot;caption&quot;:&quot;&quot;,&quot;created_timestamp&quot;:&quot;1684516390&quot;,&quot;copyright&quot;:&quot;&quot;,&quot;focal_length&quot;:&quot;0&quot;,&quot;iso&quot;:&quot;0&quot;,&quot;shutter_speed&quot;:&quot;0&quot;,&quot;title&quot;:&quot;&quot;,&quot;orientation&quot;:&quot;0&quot;}\" data-image-title=\"Crystalline Waterproofing Systems\" data-image-description=\"\" data-image-caption=\"\" data-large-file=\"https:\/\/www.wrmeadows.com\/wp-content\/uploads\/Crystalline-Waterproofing-Systems.jpg\" class=\"alignnone size-full wp-image-60566\" src=\"https:\/\/www.wrmeadows.com\/wp-content\/uploads\/Crystalline-Waterproofing-Systems.jpg\" alt=\"Crystalline Waterproofing Systems\" width=\"794\" height=\"398\" srcset=\"https:\/\/www.wrmeadows.com\/wp-content\/uploads\/Crystalline-Waterproofing-Systems.jpg 794w, https:\/\/www.wrmeadows.com\/wp-content\/uploads\/Crystalline-Waterproofing-Systems-300x150.jpg 300w, https:\/\/www.wrmeadows.com\/wp-content\/uploads\/Crystalline-Waterproofing-Systems-768x385.jpg 768w, https:\/\/www.wrmeadows.com\/wp-content\/uploads\/Crystalline-Waterproofing-Systems-50x25.jpg 50w, https:\/\/www.wrmeadows.com\/wp-content\/uploads\/Crystalline-Waterproofing-Systems-250x125.jpg 250w\" sizes=\"auto, (max-width: 794px) 100vw, 794px\" \/><\/p>\n<p>La impermeabilizaci\u00f3n es un aspecto esencial de la construcci\u00f3n que protege edificios contra da\u00f1os por agua y problemas relacionados con la humedad. El concreto, que es un material crucial en muchas estructuras, es poroso y absorber\u00e1 agua, contaminantes transportador por el agua y productos qu\u00edmicos, los que causar\u00e1n da\u00f1os estructurales importantes y costosos con el tiempo. Cabe mencionar que puede provocar crecimiento de moho y otros riesgos para la salud a quienes trabajan dentro de dichos edificios\/estructuras. Hay m\u00faltiples maneras para impermeabilizar, pero la impermeabilizaci\u00f3n por cristalizaci\u00f3n se ha convertido en una t\u00e9cnica popular. Los m\u00e9todos de impermeabilizaci\u00f3n tradicionales dependen de un sistema de barrera que evita la penetraci\u00f3n de agua en la superficie. Sin embargo, estos sistemas pueden fallar con el tiempo debido al desgaste, cambios en el sustrato o exposici\u00f3n a condiciones clim\u00e1ticas intensas. La impermeabilizaci\u00f3n por cristalizaci\u00f3n ofrece una soluci\u00f3n exclusiva para este antiguo problema mediante la creaci\u00f3n de una barrera permanente y autosellante en el concreto. En este blog, veremos lo que es la impermeabilizaci\u00f3n por cristalizaci\u00f3n y la ciencia detr\u00e1s de ella; esperamos ayudarlo a comprender mejor esta metodolog\u00eda de impermeabilizaci\u00f3n.<\/p>\n<p><strong>\u00bfQU\u00c9 ES LA IMPERMEABILIZACI\u00d3N POR CRISTALIZACI\u00d3N?<\/strong><\/p>\n<p>La impermeabilizaci\u00f3n por cristalizaci\u00f3n es un tipo de impermeabilizaci\u00f3n que usa tecnolog\u00eda de cristalizaci\u00f3n para evitar la penetraci\u00f3n de agua en estructuras de concreto. Esta tecnolog\u00eda funciona con el uso de productos qu\u00edmicos para crear una estructura cristalizada; una red de cristales microsc\u00f3picos insolubles en el concreto.<\/p>\n<p>El proceso comienza con la aplicaci\u00f3n t\u00f3pica de una mezcla de productos qu\u00edmicos en la superficie del concreto, o integrada, como parte del dise\u00f1o de la mezcla de concreto; con los ingredientes activos generalmente hechos de una mezcla de materiales cementosos, arena y productos qu\u00edmicos patentados.\u00a0 Para la aplicaci\u00f3n t\u00f3pica, la mezcla se aplica en la superficie del concreto; mientras que la aplicaci\u00f3n integral ya tiene la mezcla como parte del dise\u00f1o central del concreto.\u00a0 Desde aqu\u00ed, los productos qu\u00edmicos reaccionar\u00e1n con los subproductos de hidrataci\u00f3n del cemento (cal libre) en presencia de agua, lo que producir\u00e1 la formaci\u00f3n natural de cristales insolubles. Los cristales se forman dentro de los poros, capilares y microgrietas en el concreto, lo que desarrolla una red de cristales de silicato de calcio hidratado (C-S-H). Esta red de cristales insolubles similares a agujas rellenan las microgrietas, poros y capilares, con lo que se sella el concreto y se evita el ingreso de agua. El proceso de cristalizaci\u00f3n contin\u00faa durante un tiempo, lo que hace que la barrera impermeabilizante sea m\u00e1s resistente y eficaz a medida que se forma.<\/p>\n<p>La impermeabilizaci\u00f3n por cristalizaci\u00f3n es una soluci\u00f3n duradera que proporciona protecci\u00f3n contra da\u00f1os por agua y crecimiento de moho durante toda la vida \u00fatil de la estructura. Este proceso se usa a menudo para impermeabilizar estructuras bajo pendiente, como cimientos, s\u00f3tanos y t\u00faneles; y adem\u00e1s es una soluci\u00f3n ecol\u00f3gica, ya que no involucra el uso de productos qu\u00edmicos nocivos o equipos pesados.<\/p>\n<p><strong><img loading=\"lazy\" decoding=\"async\" class=\"alignleft size-full wp-image-60568\" src=\"https:\/\/www.wrmeadows.com\/wp-content\/uploads\/unfilled-space-in-cement-paste-capillarity.jpg\" sizes=\"auto, (max-width: 180px) 100vw, 180px\" srcset=\"https:\/\/www.wrmeadows.com\/wp-content\/uploads\/unfilled-space-in-cement-paste-capillarity.jpg 180w, https:\/\/www.wrmeadows.com\/wp-content\/uploads\/unfilled-space-in-cement-paste-capillarity-150x150.jpg 150w, https:\/\/www.wrmeadows.com\/wp-content\/uploads\/unfilled-space-in-cement-paste-capillarity-50x50.jpg 50w\" alt=\"unfilled space in cement paste capillarity\" width=\"180\" height=\"180\" \/><img loading=\"lazy\" decoding=\"async\" class=\"alignright size-full wp-image-60572\" src=\"https:\/\/www.wrmeadows.com\/wp-content\/uploads\/filled-space-in-cement-paste-capillarity.jpg\" sizes=\"auto, (max-width: 186px) 100vw, 186px\" srcset=\"https:\/\/www.wrmeadows.com\/wp-content\/uploads\/filled-space-in-cement-paste-capillarity.jpg 186w, https:\/\/www.wrmeadows.com\/wp-content\/uploads\/filled-space-in-cement-paste-capillarity-50x48.jpg 50w\" alt=\"filled space in cement paste capillarity\" width=\"186\" height=\"178\" \/><\/strong><\/p>\n<p><strong>Izquierda:<\/strong> espacio sin rellenar en capilaridad de pasta de cemento<\/p>\n<p><strong>Derecha: <\/strong>espacio rellenado en capilaridad de pasta de cemento<\/p>\n<hr \/>\n<p><strong>\u00bfPORQU\u00c9 ES IMPORTANTE LA IMPERMEABILIZACI\u00d3N POR CRISTALIZACI\u00d3N?<\/strong><\/p>\n<p>La impermeabilizaci\u00f3n por cristalizaci\u00f3n ofrece varias ventajas sobre los m\u00e9todos de impermeabilizaci\u00f3n tradicionales. Lo m\u00e1s notable es que esta es una soluci\u00f3n duradera y un sistema de autocurado que puede reparar microgrietas que pueden ocurrir con el tiempo en el concreto.\u00a0 Esto tambi\u00e9n significa que, debido a su barrera autosellante de larga duraci\u00f3n dentro del concreto que es resistente a la penetraci\u00f3n de agua, ciclos de congelaci\u00f3n-descongelaci\u00f3n y otras causas comunes de deterioro del concreto, la impermeabilizaci\u00f3n por cristalizaci\u00f3n no depende de un sistema de barrera que puede fallar debido al desgaste o a la exposici\u00f3n a los elementos. Esto la convierte en una soluci\u00f3n ideal para una amplia gama de aplicaciones, como piscinas, plantas de tratamiento de agua, t\u00faneles, puentes y otras infraestructuras cr\u00edticas.<\/p>\n<p>La impermeabilizaci\u00f3n por cristalizaci\u00f3n es una t\u00e9cnica potente, altamente eficaz y rentable para proteger las estructuras de concreto contra los da\u00f1os por agua. Se ha convertido en una tecnolog\u00eda confiable que ofrece una soluci\u00f3n permanente y de autocurado para la penetraci\u00f3n de agua mediante el uso del proceso natural de cristalizaci\u00f3n para crear una red de cristales insolubles que rellenan los poros capilares y microgrietas en el concreto, lo que sella eficazmente e impermeabiliza. Esto la convierte en una soluci\u00f3n ideal para una amplia gama de aplicaciones, como infraestructura cr\u00edtica, donde los da\u00f1os por agua y los problemas relacionados con la humedad pueden tener consecuencias graves.<\/p>\n<p><strong>C\u00d3MO SABER CU\u00c1NDO APLICAR T\u00d3PICAMENTE VS. INTEGRAR EN LA MEZCLA<\/strong><\/p>\n<p>La impermeabilizaci\u00f3n por cristalizaci\u00f3n se puede aplicar de dos maneras distintas: t\u00f3picamente, c\u00f3mo recubrimiento o sellador, o de manera integrada, agreg\u00e1ndolo a la mezcla de concreto durante el proceso de construcci\u00f3n. La elecci\u00f3n entre estos dos m\u00e9todos depende de varios factores, como los requisitos del proyecto, las condiciones del lugar y el nivel deseado de impermeabilizaci\u00f3n.<\/p>\n<p><strong>La aplicaci\u00f3n de impermeabilizaci\u00f3n por cristalizaci\u00f3n t\u00f3pica se deber\u00eda usar cuando:<\/strong><\/p>\n<ul>\n<li><strong>Impermeabilice una estructura existente: <\/strong>Si debe impermeabilizar una estructura de concreto ya hecha, la aplicaci\u00f3n de un recubrimiento o sellador de impermeabilizaci\u00f3n por cristalizaci\u00f3n es la mejor opci\u00f3n, ya que forma una barrera en la superficie para evitar el ingreso de agua.<\/li>\n<li><strong>Requiere una soluci\u00f3n rentable:<\/strong> La impermeabilizaci\u00f3n t\u00f3pica generalmente es m\u00e1s asequible que la impermeabilizaci\u00f3n integrada.<\/li>\n<li><strong>Necesita una aplicaci\u00f3n r\u00e1pida:<\/strong> La impermeabilizaci\u00f3n t\u00f3pica se puede aplicar relativamente r\u00e1pido, lo que la hace adecuada para proyectos con plazos acotados.<\/li>\n<\/ul>\n<p><strong>Integrar la impermeabilizaci\u00f3n por cristalizaci\u00f3n a su dise\u00f1o de mezcla se debe usar cuando:<\/strong><\/p>\n<ul>\n<li><strong>Construye una nueva estructura:<\/strong> Agregar impermeabilizaci\u00f3n por cristalizaci\u00f3n a la mezcla de concreto durante la construcci\u00f3n garantiza que toda la estructura est\u00e9 protegida contra el ingreso de agua. Este m\u00e9todo es ideal para proyectos nuevos de construcci\u00f3n, ya que ofrece una protecci\u00f3n duradera.<\/li>\n<li><strong>Requiere una soluci\u00f3n duradera y permanente:<\/strong> La impermeabilizaci\u00f3n integrada proporciona una soluci\u00f3n m\u00e1s duradera que la impermeabilizaci\u00f3n t\u00f3pica, ya que se incorpora en la mezcla de concreto y se vuelve una parte integral de la estructura.<\/li>\n<li><strong>Impermeabiliza \u00e1reas dif\u00edciles de alcanzar:<\/strong> Agregar impermeabilizaci\u00f3n a la mezcla garantiza que incluso las \u00e1reas inaccesibles o dif\u00edciles de alcanzar est\u00e9n protegidas.<\/li>\n<li><strong>Construye una estructura expuesta a condiciones dif\u00edciles:<\/strong> La impermeabilizaci\u00f3n integrada es ideal para estructuras que estar\u00e1n expuestas a condiciones clim\u00e1ticas extremas, productos qu\u00edmicos o abrasi\u00f3n, ya que ofrece una protecci\u00f3n superior en comparaci\u00f3n con la impermeabilizaci\u00f3n t\u00f3pica.<\/li>\n<\/ul>\n<p>La elecci\u00f3n entre la impermeabilizaci\u00f3n t\u00f3pica e integrada depende de los requisitos del proyecto, las condiciones del lugar y el nivel de impermeabilizaci\u00f3n deseado. La impermeabilizaci\u00f3n t\u00f3pica es adecuada para estructuras existentes, soluciones rentables, aplicaciones r\u00e1pidas y soluciones temporales o menos duraderas. Por otro lado, la impermeabilizaci\u00f3n integrada es ideal para construcciones nuevas, soluciones duraderas y permanentes, \u00e1reas dif\u00edciles de alcanzar, y estructuras expuestas a condiciones dif\u00edciles.<\/p>\n<p><strong>INFORMACI\u00d3N DE PRODUCTOS:<\/strong><\/p>\n<ul>\n<li><a href=\"https:\/\/www.wrmeadows.com\/es\/cem-kote-cw-plus-espanol\/\"><strong>CEM-KOTE<\/strong><strong> CW PLUS<\/strong><\/a><\/li>\n<li><a href=\"https:\/\/www.wrmeadows.com\/es\/cem-kote-flex-st-espanol\/\"><strong>CEM-KOTE FLEX ST<\/strong><\/a><\/li>\n<li><strong>CEM-KOTE FLEX CR<\/strong><\/li>\n<li><strong>REINFORCING<\/strong><strong> FABRIC HD<\/strong><\/li>\n<\/ul>\n<p><a href=\"https:\/\/www.wrmeadows.com\/es\/contactenos\/\">Para pedir una muestra de productos de W. R. MEADOWS, incluyendo nuestra l\u00ednea CEM-KOTE,\u00a0<strong>haga clic aqu\u00ed<\/strong>.<\/a><\/p>\n","protected":false},"excerpt":{"rendered":"<p>La ciencia detr\u00e1s de ella y por qu\u00e9 es importante La impermeabilizaci\u00f3n es un aspecto esencial de la construcci\u00f3n que protege edificios contra da\u00f1os por agua y problemas relacionados con&hellip;<\/p>\n","protected":false},"author":1,"featured_media":0,"parent":0,"menu_order":0,"comment_status":"closed","ping_status":"closed","template":"","meta":{"_acf_changed":false,"content-type":"","_genesis_hide_title":false,"_genesis_hide_breadcrumbs":false,"_genesis_hide_singular_image":false,"_genesis_hide_footer_widgets":false,"_genesis_custom_body_class":"","_genesis_custom_post_class":"","_genesis_layout":"","footnotes":""},"class_list":["post-62134","page","type-page","status-publish","entry"],"acf":[],"yoast_head":"<!-- This site is optimized with the Yoast SEO Premium plugin v27.5 (Yoast SEO v27.5) - https:\/\/yoast.com\/product\/yoast-seo-premium-wordpress\/ -->\n<title>Impermeabilizaci\u00f3n por cristalizaci\u00f3n - W. R. Meadows<\/title>\n<meta name=\"robots\" content=\"index, follow, max-snippet:-1, max-image-preview:large, max-video-preview:-1\" \/>\n<link rel=\"canonical\" href=\"https:\/\/www.wrmeadows.com\/es\/impermeabilizacion-por-cristalizacion\/\" \/>\n<meta property=\"og:locale\" content=\"en_US\" \/>\n<meta property=\"og:type\" content=\"article\" \/>\n<meta property=\"og:title\" content=\"Impermeabilizaci\u00f3n por cristalizaci\u00f3n\" \/>\n<meta property=\"og:url\" content=\"https:\/\/www.wrmeadows.com\/es\/impermeabilizacion-por-cristalizacion\/\" \/>\n<meta property=\"og:site_name\" content=\"W. R. Meadows\" \/>\n<meta property=\"article:publisher\" content=\"https:\/\/www.facebook.com\/wrmeadows\" \/>\n<meta property=\"article:modified_time\" content=\"2023-10-10T20:08:16+00:00\" \/>\n<meta property=\"og:image\" content=\"https:\/\/www.wrmeadows.com\/wp-content\/uploads\/Crystalline-Waterproofing-Systems.jpg\" \/>\n<meta name=\"twitter:card\" content=\"summary_large_image\" \/>\n<meta name=\"twitter:site\" content=\"@wrmeadows\" \/>\n<meta name=\"twitter:label1\" content=\"Tiempo de lectura\" \/>\n\t<meta name=\"twitter:data1\" content=\"7 minutos\" \/>\n<script type=\"application\/ld+json\" class=\"yoast-schema-graph\">{\"@context\":\"https:\\\/\\\/schema.org\",\"@graph\":[{\"@type\":\"WebPage\",\"@id\":\"https:\\\/\\\/www.wrmeadows.com\\\/es\\\/impermeabilizacion-por-cristalizacion\\\/\",\"url\":\"https:\\\/\\\/www.wrmeadows.com\\\/es\\\/impermeabilizacion-por-cristalizacion\\\/\",\"name\":\"Impermeabilizaci\u00f3n por cristalizaci\u00f3n - W. R. Meadows\",\"isPartOf\":{\"@id\":\"https:\\\/\\\/www.wrmeadows.com\\\/es\\\/#website\"},\"primaryImageOfPage\":{\"@id\":\"https:\\\/\\\/www.wrmeadows.com\\\/es\\\/impermeabilizacion-por-cristalizacion\\\/#primaryimage\"},\"image\":{\"@id\":\"https:\\\/\\\/www.wrmeadows.com\\\/es\\\/impermeabilizacion-por-cristalizacion\\\/#primaryimage\"},\"thumbnailUrl\":\"https:\\\/\\\/www.wrmeadows.com\\\/wp-content\\\/uploads\\\/Crystalline-Waterproofing-Systems.jpg\",\"datePublished\":\"2023-10-10T20:01:38+00:00\",\"dateModified\":\"2023-10-10T20:08:16+00:00\",\"breadcrumb\":{\"@id\":\"https:\\\/\\\/www.wrmeadows.com\\\/es\\\/impermeabilizacion-por-cristalizacion\\\/#breadcrumb\"},\"inLanguage\":\"es\",\"potentialAction\":[{\"@type\":\"ReadAction\",\"target\":[\"https:\\\/\\\/www.wrmeadows.com\\\/es\\\/impermeabilizacion-por-cristalizacion\\\/\"]}]},{\"@type\":\"ImageObject\",\"inLanguage\":\"es\",\"@id\":\"https:\\\/\\\/www.wrmeadows.com\\\/es\\\/impermeabilizacion-por-cristalizacion\\\/#primaryimage\",\"url\":\"https:\\\/\\\/www.wrmeadows.com\\\/wp-content\\\/uploads\\\/Crystalline-Waterproofing-Systems.jpg\",\"contentUrl\":\"https:\\\/\\\/www.wrmeadows.com\\\/wp-content\\\/uploads\\\/Crystalline-Waterproofing-Systems.jpg\"},{\"@type\":\"BreadcrumbList\",\"@id\":\"https:\\\/\\\/www.wrmeadows.com\\\/es\\\/impermeabilizacion-por-cristalizacion\\\/#breadcrumb\",\"itemListElement\":[{\"@type\":\"ListItem\",\"position\":1,\"name\":\"Home\",\"item\":\"https:\\\/\\\/www.wrmeadows.com\\\/es\\\/\"},{\"@type\":\"ListItem\",\"position\":2,\"name\":\"Impermeabilizaci\u00f3n por cristalizaci\u00f3n\"}]},{\"@type\":\"WebSite\",\"@id\":\"https:\\\/\\\/www.wrmeadows.com\\\/es\\\/#website\",\"url\":\"https:\\\/\\\/www.wrmeadows.com\\\/es\\\/\",\"name\":\"W. R. Meadows\",\"description\":\"Concrete Construction Products Manufacturer\",\"publisher\":{\"@id\":\"https:\\\/\\\/www.wrmeadows.com\\\/es\\\/#organization\"},\"potentialAction\":[{\"@type\":\"SearchAction\",\"target\":{\"@type\":\"EntryPoint\",\"urlTemplate\":\"https:\\\/\\\/www.wrmeadows.com\\\/es\\\/?s={search_term_string}\"},\"query-input\":{\"@type\":\"PropertyValueSpecification\",\"valueRequired\":true,\"valueName\":\"search_term_string\"}}],\"inLanguage\":\"es\"},{\"@type\":\"Organization\",\"@id\":\"https:\\\/\\\/www.wrmeadows.com\\\/es\\\/#organization\",\"name\":\"W. R. Meadows\",\"url\":\"https:\\\/\\\/www.wrmeadows.com\\\/es\\\/\",\"logo\":{\"@type\":\"ImageObject\",\"inLanguage\":\"es\",\"@id\":\"https:\\\/\\\/www.wrmeadows.com\\\/es\\\/#\\\/schema\\\/logo\\\/image\\\/\",\"url\":\"https:\\\/\\\/www.wrmeadows.com\\\/wp-content\\\/uploads\\\/logo-3.jpg\",\"contentUrl\":\"https:\\\/\\\/www.wrmeadows.com\\\/wp-content\\\/uploads\\\/logo-3.jpg\",\"width\":709,\"height\":709,\"caption\":\"W. R. Meadows\"},\"image\":{\"@id\":\"https:\\\/\\\/www.wrmeadows.com\\\/es\\\/#\\\/schema\\\/logo\\\/image\\\/\"},\"sameAs\":[\"https:\\\/\\\/www.facebook.com\\\/wrmeadows\",\"https:\\\/\\\/x.com\\\/wrmeadows\",\"https:\\\/\\\/www.linkedin.com\\\/company\\\/w-r-meadows-inc\",\"https:\\\/\\\/www.youtube.com\\\/WrmeadowsTraining\",\"https:\\\/\\\/www.instagram.com\\\/wrmeadowsinc\\\/\"]}]}<\/script>\n<!-- \/ Yoast SEO Premium plugin. -->","yoast_head_json":{"title":"Impermeabilizaci\u00f3n por cristalizaci\u00f3n - W. R. Meadows","robots":{"index":"index","follow":"follow","max-snippet":"max-snippet:-1","max-image-preview":"max-image-preview:large","max-video-preview":"max-video-preview:-1"},"canonical":"https:\/\/www.wrmeadows.com\/es\/impermeabilizacion-por-cristalizacion\/","og_locale":"en_US","og_type":"article","og_title":"Impermeabilizaci\u00f3n por cristalizaci\u00f3n","og_url":"https:\/\/www.wrmeadows.com\/es\/impermeabilizacion-por-cristalizacion\/","og_site_name":"W. R. Meadows","article_publisher":"https:\/\/www.facebook.com\/wrmeadows","article_modified_time":"2023-10-10T20:08:16+00:00","og_image":[{"url":"https:\/\/www.wrmeadows.com\/wp-content\/uploads\/Crystalline-Waterproofing-Systems.jpg","type":"","width":"","height":""}],"twitter_card":"summary_large_image","twitter_site":"@wrmeadows","twitter_misc":{"Tiempo de lectura":"7 minutos"},"schema":{"@context":"https:\/\/schema.org","@graph":[{"@type":"WebPage","@id":"https:\/\/www.wrmeadows.com\/es\/impermeabilizacion-por-cristalizacion\/","url":"https:\/\/www.wrmeadows.com\/es\/impermeabilizacion-por-cristalizacion\/","name":"Impermeabilizaci\u00f3n por cristalizaci\u00f3n - W. R. Meadows","isPartOf":{"@id":"https:\/\/www.wrmeadows.com\/es\/#website"},"primaryImageOfPage":{"@id":"https:\/\/www.wrmeadows.com\/es\/impermeabilizacion-por-cristalizacion\/#primaryimage"},"image":{"@id":"https:\/\/www.wrmeadows.com\/es\/impermeabilizacion-por-cristalizacion\/#primaryimage"},"thumbnailUrl":"https:\/\/www.wrmeadows.com\/wp-content\/uploads\/Crystalline-Waterproofing-Systems.jpg","datePublished":"2023-10-10T20:01:38+00:00","dateModified":"2023-10-10T20:08:16+00:00","breadcrumb":{"@id":"https:\/\/www.wrmeadows.com\/es\/impermeabilizacion-por-cristalizacion\/#breadcrumb"},"inLanguage":"es","potentialAction":[{"@type":"ReadAction","target":["https:\/\/www.wrmeadows.com\/es\/impermeabilizacion-por-cristalizacion\/"]}]},{"@type":"ImageObject","inLanguage":"es","@id":"https:\/\/www.wrmeadows.com\/es\/impermeabilizacion-por-cristalizacion\/#primaryimage","url":"https:\/\/www.wrmeadows.com\/wp-content\/uploads\/Crystalline-Waterproofing-Systems.jpg","contentUrl":"https:\/\/www.wrmeadows.com\/wp-content\/uploads\/Crystalline-Waterproofing-Systems.jpg"},{"@type":"BreadcrumbList","@id":"https:\/\/www.wrmeadows.com\/es\/impermeabilizacion-por-cristalizacion\/#breadcrumb","itemListElement":[{"@type":"ListItem","position":1,"name":"Home","item":"https:\/\/www.wrmeadows.com\/es\/"},{"@type":"ListItem","position":2,"name":"Impermeabilizaci\u00f3n por cristalizaci\u00f3n"}]},{"@type":"WebSite","@id":"https:\/\/www.wrmeadows.com\/es\/#website","url":"https:\/\/www.wrmeadows.com\/es\/","name":"W. R. Meadows","description":"Concrete Construction Products Manufacturer","publisher":{"@id":"https:\/\/www.wrmeadows.com\/es\/#organization"},"potentialAction":[{"@type":"SearchAction","target":{"@type":"EntryPoint","urlTemplate":"https:\/\/www.wrmeadows.com\/es\/?s={search_term_string}"},"query-input":{"@type":"PropertyValueSpecification","valueRequired":true,"valueName":"search_term_string"}}],"inLanguage":"es"},{"@type":"Organization","@id":"https:\/\/www.wrmeadows.com\/es\/#organization","name":"W. R. Meadows","url":"https:\/\/www.wrmeadows.com\/es\/","logo":{"@type":"ImageObject","inLanguage":"es","@id":"https:\/\/www.wrmeadows.com\/es\/#\/schema\/logo\/image\/","url":"https:\/\/www.wrmeadows.com\/wp-content\/uploads\/logo-3.jpg","contentUrl":"https:\/\/www.wrmeadows.com\/wp-content\/uploads\/logo-3.jpg","width":709,"height":709,"caption":"W. R. Meadows"},"image":{"@id":"https:\/\/www.wrmeadows.com\/es\/#\/schema\/logo\/image\/"},"sameAs":["https:\/\/www.facebook.com\/wrmeadows","https:\/\/x.com\/wrmeadows","https:\/\/www.linkedin.com\/company\/w-r-meadows-inc","https:\/\/www.youtube.com\/WrmeadowsTraining","https:\/\/www.instagram.com\/wrmeadowsinc\/"]}]}},"_links":{"self":[{"href":"https:\/\/www.wrmeadows.com\/es\/wp-json\/wp\/v2\/pages\/62134","targetHints":{"allow":["GET"]}}],"collection":[{"href":"https:\/\/www.wrmeadows.com\/es\/wp-json\/wp\/v2\/pages"}],"about":[{"href":"https:\/\/www.wrmeadows.com\/es\/wp-json\/wp\/v2\/types\/page"}],"author":[{"embeddable":true,"href":"https:\/\/www.wrmeadows.com\/es\/wp-json\/wp\/v2\/users\/1"}],"replies":[{"embeddable":true,"href":"https:\/\/www.wrmeadows.com\/es\/wp-json\/wp\/v2\/comments?post=62134"}],"version-history":[{"count":0,"href":"https:\/\/www.wrmeadows.com\/es\/wp-json\/wp\/v2\/pages\/62134\/revisions"}],"wp:attachment":[{"href":"https:\/\/www.wrmeadows.com\/es\/wp-json\/wp\/v2\/media?parent=62134"}],"curies":[{"name":"wp","href":"https:\/\/api.w.org\/{rel}","templated":true}]}}