{"id":62141,"date":"2023-10-10T16:36:12","date_gmt":"2023-10-10T21:36:12","guid":{"rendered":"https:\/\/www.wrmeadows.com\/?page_id=62141"},"modified":"2023-10-10T16:37:46","modified_gmt":"2023-10-10T21:37:46","slug":"impermeabilizacion-de-un-muro-de-contencion","status":"publish","type":"page","link":"https:\/\/www.wrmeadows.com\/es\/impermeabilizacion-de-un-muro-de-contencion\/","title":{"rendered":"Impermeabilizaci\u00f3n de un muro de contenci\u00f3n"},"content":{"rendered":"<h2>Una gu\u00eda de W. R. MEADOWS, INC.<\/h2>\n<p><img loading=\"lazy\" decoding=\"async\" data-attachment-id=\"60241\" data-permalink=\"https:\/\/www.wrmeadows.com\/es\/blog\/retaining-wall-waterproofing\/retaining-wall-waterproofing-2\/\" data-orig-file=\"https:\/\/www.wrmeadows.com\/wp-content\/uploads\/retaining-wall-waterproofing.jpg\" data-orig-size=\"810,540\" data-comments-opened=\"0\" data-image-meta=\"{&quot;aperture&quot;:&quot;0&quot;,&quot;credit&quot;:&quot;Brad Hull&quot;,&quot;camera&quot;:&quot;&quot;,&quot;caption&quot;:&quot;&quot;,&quot;created_timestamp&quot;:&quot;1683213580&quot;,&quot;copyright&quot;:&quot;&quot;,&quot;focal_length&quot;:&quot;0&quot;,&quot;iso&quot;:&quot;0&quot;,&quot;shutter_speed&quot;:&quot;0&quot;,&quot;title&quot;:&quot;&quot;,&quot;orientation&quot;:&quot;0&quot;}\" data-image-title=\"retaining wall waterproofing\" data-image-description=\"\" data-image-caption=\"\" data-large-file=\"https:\/\/www.wrmeadows.com\/wp-content\/uploads\/retaining-wall-waterproofing.jpg\" class=\"alignnone size-full wp-image-60241\" src=\"https:\/\/www.wrmeadows.com\/wp-content\/uploads\/retaining-wall-waterproofing.jpg\" alt=\"retaining wall waterproofing\" width=\"810\" height=\"540\" srcset=\"https:\/\/www.wrmeadows.com\/wp-content\/uploads\/retaining-wall-waterproofing.jpg 810w, https:\/\/www.wrmeadows.com\/wp-content\/uploads\/retaining-wall-waterproofing-300x200.jpg 300w, https:\/\/www.wrmeadows.com\/wp-content\/uploads\/retaining-wall-waterproofing-768x512.jpg 768w, https:\/\/www.wrmeadows.com\/wp-content\/uploads\/retaining-wall-waterproofing-50x33.jpg 50w, https:\/\/www.wrmeadows.com\/wp-content\/uploads\/retaining-wall-waterproofing-250x167.jpg 250w\" sizes=\"auto, (max-width: 810px) 100vw, 810px\" \/><\/p>\n<p>Los muros de contenci\u00f3n son un aspecto importante de cualquier proyecto de construcci\u00f3n que implique un cambio significativo en la elevaci\u00f3n. Est\u00e1n dise\u00f1ados para contener la tierra u otros materiales, lo que previene la erosi\u00f3n y protege los cimientos de un edificio o estructura. Com\u00fanmente se usan para crear \u00e1reas de nivel para edificios, y son cruciales para controlar el flujo de agua y evitar da\u00f1os. Sin embargo, los muros de contenci\u00f3n tambi\u00e9n son susceptibles a la intrusi\u00f3n de agua, lo que puede provocar agrietamiento, deterioro y, finalmente, falla.<\/p>\n<p>Para evitar los da\u00f1os por agua y garantizar la duraci\u00f3n de su muro de contenci\u00f3n, es fundamental incorporar medidas de impermeabilizaci\u00f3n en su dise\u00f1o. En esta publicaci\u00f3n de blog, cubriremos algunas de las mejores pr\u00e1cticas y productos para impermeabilizar un muro de contenci\u00f3n, seg\u00fan lo recomienda W.\u00a0R. MEADOWS, INC., un fabricante l\u00edder de productos de construcci\u00f3n.<\/p>\n<h3><strong>La importancia de impermeabilizar muros de contenci\u00f3n<\/strong><\/h3>\n<p>La impermeabilizaci\u00f3n de muros de contenci\u00f3n es fundamental por varios motivos:<\/p>\n<ul>\n<li><strong>Integridad estructural:<\/strong> El agua puede filtrarse por la tierra y permear los muros de contenci\u00f3n, lo que causar\u00e1 da\u00f1os con el tiempo. La impermeabilizaci\u00f3n permite mantener la integridad estructural del muro y garantiza que se mantenga estable y funcional.<\/li>\n<li><strong>Prevenci\u00f3n de da\u00f1os por agua:<\/strong> Sin una impermeabilizaci\u00f3n adecuada, el agua puede filtrarse por los muros de contenci\u00f3n, lo que causar\u00e1 erosi\u00f3n y posiblemente da\u00f1ar\u00e1 las estructuras cercanas, como casas o edificios. La impermeabilizaci\u00f3n evita estos da\u00f1os por agua y protege su propiedad.<\/li>\n<li><strong>Prevenci\u00f3n de moho y mildi\u00fa:<\/strong> La filtraci\u00f3n de agua puede provocar el crecimiento de moho y mildi\u00fa, lo que puede causar problemas de salud y da\u00f1os a las estructuras. La impermeabilizaci\u00f3n permite evitar este crecimiento para mantener el muro de contenci\u00f3n y el \u00e1rea circundante seguros y saludables.<\/li>\n<\/ul>\n<h3><strong>Opciones de impermeabilizaci\u00f3n<\/strong><\/h3>\n<p>Despu\u00e9s de evaluar estos factores, puede elegir el m\u00e9todo de impermeabilizaci\u00f3n m\u00e1s adecuado para su muro de contenci\u00f3n. Algunos de los m\u00e9todos de impermeabilizaci\u00f3n comunes incluyen los siguientes:<\/p>\n<ul>\n<li><strong>Impermeabilizaci\u00f3n con membrana de l\u00e1mina:<\/strong> Las membranas de l\u00e1mina son l\u00e1minas de impermeabilizaci\u00f3n preformadas que se adhieren al muro de contenci\u00f3n. Proporcionan una barrera duradera y herm\u00e9tica que es f\u00e1cil de instalar para proporcionar continuidad en la pared. Este tipo de impermeabilizaci\u00f3n es ideal para la protecci\u00f3n a largo plazo del espacio ocupado y el sustrato.<\/li>\n<li><strong>Impermeabilizaci\u00f3n con membrana l\u00edquida:<\/strong> La impermeabilizaci\u00f3n con membrana l\u00edquida implica aplicar un recubrimiento l\u00edquido en la superficie del muro de contenci\u00f3n, lo que crea una barrera continua y herm\u00e9tica. Es flexible y se puede aplicar a una variedad de superficies. La impermeabilizaci\u00f3n aplicada como l\u00edquido depende del aplicador y, debido a esto, deben estar completamente capacitados en la instalaci\u00f3n de estos tipos de materiales.<\/li>\n<li><strong>Impermeabilizaci\u00f3n cementosa: <\/strong>La impermeabilizaci\u00f3n cementosa implica la aplicaci\u00f3n de una mezcla a base de cemento, como una lechada, al muro de contenci\u00f3n, lo que forma una barrera duradera y resistente al agua. Este m\u00e9todo es relativamente f\u00e1cil de aplicar y puede ser bastante eficaz en la impermeabilizaci\u00f3n de muros de contenci\u00f3n. Es particularmente adecuado para muros de contenci\u00f3n de concreto y se puede usar en conjunto con otros m\u00e9todos de impermeabilizaci\u00f3n para mayor protecci\u00f3n; sin embargo, es posible que no sea tan flexible como otros m\u00e9todos, lo que lo hace m\u00e1s susceptible al agrietamiento con el tiempo.<\/li>\n<li><strong>Sistemas de drenaje: <\/strong>La instalaci\u00f3n de sistemas de drenaje adecuados, como mechinales, tuber\u00edas perforadas o tapetes de drenaje, pueden ayudar a controlar la filtraci\u00f3n de agua y reducir la presi\u00f3n hidrost\u00e1tica en el muro de contenci\u00f3n. Estos sistemas se pueden usan en conjunto con otros m\u00e9todos de impermeabilizaci\u00f3n para proporcionar un sistema de impermeabilizaci\u00f3n eficaz<strong>.<\/strong><\/li>\n<li><strong>Impermeabilizaci\u00f3n integrada:<\/strong> La impermeabilizaci\u00f3n integrada implica agregar un agente impermeabilizante a la mezcla de concreto usada para construir el muro de contenci\u00f3n.<\/li>\n<li><strong>Impermeabilizaci\u00f3n con arcilla de bentonita:<\/strong> La arcilla de bentonita es un material natural que se hincha cuando se moja, lo que crea una barrera herm\u00e9tica. Este m\u00e9todo es ecol\u00f3gico y proporciona una excelente impermeabilizaci\u00f3n. Sin embargo, puede ser m\u00e1s dif\u00edcil de aplicar y es posible que no sea adecuado para todos los tipos de muros de contenci\u00f3n.<\/li>\n<\/ul>\n<p><img loading=\"lazy\" decoding=\"async\" data-attachment-id=\"62142\" data-permalink=\"https:\/\/www.wrmeadows.com\/es\/impermeabilizacion-de-un-muro-de-contencion\/left\/\" data-orig-file=\"https:\/\/www.wrmeadows.com\/wp-content\/uploads\/left.jpg\" data-orig-size=\"435,1112\" data-comments-opened=\"0\" data-image-meta=\"{&quot;aperture&quot;:&quot;0&quot;,&quot;credit&quot;:&quot;&quot;,&quot;camera&quot;:&quot;&quot;,&quot;caption&quot;:&quot;&quot;,&quot;created_timestamp&quot;:&quot;0&quot;,&quot;copyright&quot;:&quot;&quot;,&quot;focal_length&quot;:&quot;0&quot;,&quot;iso&quot;:&quot;0&quot;,&quot;shutter_speed&quot;:&quot;0&quot;,&quot;title&quot;:&quot;&quot;,&quot;orientation&quot;:&quot;0&quot;}\" data-image-title=\"left\" data-image-description=\"\" data-image-caption=\"\" data-large-file=\"https:\/\/www.wrmeadows.com\/wp-content\/uploads\/left-401x1024.jpg\" class=\"alignleft size-full wp-image-62142\" src=\"https:\/\/www.wrmeadows.com\/wp-content\/uploads\/left.jpg\" alt=\"\" width=\"435\" height=\"1112\" srcset=\"https:\/\/www.wrmeadows.com\/wp-content\/uploads\/left.jpg 435w, https:\/\/www.wrmeadows.com\/wp-content\/uploads\/left-117x300.jpg 117w, https:\/\/www.wrmeadows.com\/wp-content\/uploads\/left-401x1024.jpg 401w, https:\/\/www.wrmeadows.com\/wp-content\/uploads\/left-20x50.jpg 20w, https:\/\/www.wrmeadows.com\/wp-content\/uploads\/left-106x270.jpg 106w\" sizes=\"auto, (max-width: 435px) 100vw, 435px\" \/>Recuerde, es fundamental consultar con un contratista o ingeniero profesionales en impermeabilizaci\u00f3n para garantizar que el m\u00e9todo elegido sea adecuado para las condiciones espec\u00edficas de la obra y el tipo de muro de contenci\u00f3n. La impermeabilizaci\u00f3n adecuada permitir\u00e1 prolongar la vida \u00fatil de su muro de contenci\u00f3n y proteger\u00e1 su inversi\u00f3n.<\/p>\n<p>W. R. MEADOWS, INC. Ofrece una gama de productos de impermeabilizaci\u00f3n para muros de contenci\u00f3n, como la membrana impermeabilizante autoadhesiva MEL-ROL<sub>\u00ae<\/sub>, MEL-ROL LM, HYDRALASTIC<sub>\u00ae<\/sub> 836, la l\u00ednea de productos CEM-KOTE y los productos de drenaje MEL-DRAIN<sub>\u00ae<\/sub>.<\/p>\n<p><strong>INFORMACI\u00d3N DE PRODUCTOS: <\/strong><\/p>\n<ul>\n<li><a href=\"https:\/\/www.wrmeadows.com\/es\/mel-rol-espanol\/\"><strong>MEL-ROL<\/strong><\/a><\/li>\n<li><a href=\"https:\/\/www.wrmeadows.com\/es\/mel-rol-lm-espanol\/\"><strong>MEL-ROL LM<\/strong><\/a><\/li>\n<li><a href=\"https:\/\/www.wrmeadows.com\/es\/mel-drain-espanol\/\"><strong>MEL-DRAIN<\/strong><\/a><\/li>\n<li><strong>MEL-DRAIN TOTAL-DRAIN<\/strong><\/li>\n<li><a href=\"https:\/\/www.wrmeadows.com\/es\/meadow-patch-t1-espanol\/\"><strong>MEADOW-PATCH T1<\/strong><\/a><\/li>\n<li><strong>MEADOW-PATCH SMOOTH-GRADE<\/strong><\/li>\n<li><a href=\"https:\/\/www.wrmeadows.com\/es\/hydralastic-836-espanol\/\"><strong>HYDRALASTIC 836<\/strong><\/a><\/li>\n<\/ul>\n<p>Para obtener m\u00e1s informaci\u00f3n acerca de las soluciones de envoltura de inmuebles de soluciones W.\u00a0R.\u00a0MEADOWS, lo que incluye diversos sistemas de impermeabilizaci\u00f3n,\u00a0<a href=\"https:\/\/www.wrmeadows.com\/building-envelope\/\"><strong>haga clic aqu\u00ed<\/strong>.<\/a><\/p>\n","protected":false},"excerpt":{"rendered":"<p>Una gu\u00eda de W. R. MEADOWS, INC. Los muros de contenci\u00f3n son un aspecto importante de cualquier proyecto de construcci\u00f3n que implique un cambio significativo en la elevaci\u00f3n. Est\u00e1n dise\u00f1ados&hellip;<\/p>\n","protected":false},"author":1,"featured_media":0,"parent":0,"menu_order":0,"comment_status":"closed","ping_status":"closed","template":"","meta":{"_acf_changed":false,"content-type":"","_genesis_hide_title":false,"_genesis_hide_breadcrumbs":false,"_genesis_hide_singular_image":false,"_genesis_hide_footer_widgets":false,"_genesis_custom_body_class":"","_genesis_custom_post_class":"","_genesis_layout":"full-width-content","footnotes":""},"class_list":["post-62141","page","type-page","status-publish","entry","has-post-thumbnail"],"acf":[],"yoast_head":"<!-- This site is optimized with the Yoast SEO Premium plugin v27.5 (Yoast SEO v27.5) - https:\/\/yoast.com\/product\/yoast-seo-premium-wordpress\/ -->\n<title>Impermeabilizaci\u00f3n de un muro de contenci\u00f3n - W. R. Meadows<\/title>\n<meta name=\"robots\" content=\"index, follow, max-snippet:-1, max-image-preview:large, max-video-preview:-1\" \/>\n<link rel=\"canonical\" href=\"https:\/\/www.wrmeadows.com\/es\/impermeabilizacion-de-un-muro-de-contencion\/\" \/>\n<meta property=\"og:locale\" content=\"en_US\" \/>\n<meta property=\"og:type\" content=\"article\" \/>\n<meta property=\"og:title\" content=\"Impermeabilizaci\u00f3n de un muro de contenci\u00f3n\" \/>\n<meta property=\"og:url\" content=\"https:\/\/www.wrmeadows.com\/es\/impermeabilizacion-de-un-muro-de-contencion\/\" \/>\n<meta property=\"og:site_name\" content=\"W. R. Meadows\" \/>\n<meta property=\"article:publisher\" content=\"https:\/\/www.facebook.com\/wrmeadows\" \/>\n<meta property=\"article:modified_time\" content=\"2023-10-10T21:37:46+00:00\" \/>\n<meta property=\"og:image\" content=\"https:\/\/www.wrmeadows.com\/wp-content\/uploads\/retaining-wall-waterproofing.jpg\" \/>\n<meta name=\"twitter:card\" content=\"summary_large_image\" \/>\n<meta name=\"twitter:site\" content=\"@wrmeadows\" \/>\n<meta name=\"twitter:label1\" content=\"Tiempo de lectura\" \/>\n\t<meta name=\"twitter:data1\" content=\"5 minutos\" \/>\n<script type=\"application\/ld+json\" class=\"yoast-schema-graph\">{\"@context\":\"https:\\\/\\\/schema.org\",\"@graph\":[{\"@type\":\"WebPage\",\"@id\":\"https:\\\/\\\/www.wrmeadows.com\\\/es\\\/impermeabilizacion-de-un-muro-de-contencion\\\/\",\"url\":\"https:\\\/\\\/www.wrmeadows.com\\\/es\\\/impermeabilizacion-de-un-muro-de-contencion\\\/\",\"name\":\"Impermeabilizaci\u00f3n de un muro de contenci\u00f3n - W. R. Meadows\",\"isPartOf\":{\"@id\":\"https:\\\/\\\/www.wrmeadows.com\\\/es\\\/#website\"},\"primaryImageOfPage\":{\"@id\":\"https:\\\/\\\/www.wrmeadows.com\\\/es\\\/impermeabilizacion-de-un-muro-de-contencion\\\/#primaryimage\"},\"image\":{\"@id\":\"https:\\\/\\\/www.wrmeadows.com\\\/es\\\/impermeabilizacion-de-un-muro-de-contencion\\\/#primaryimage\"},\"thumbnailUrl\":\"https:\\\/\\\/www.wrmeadows.com\\\/wp-content\\\/uploads\\\/retaining-wall-waterproofing.jpg\",\"datePublished\":\"2023-10-10T21:36:12+00:00\",\"dateModified\":\"2023-10-10T21:37:46+00:00\",\"breadcrumb\":{\"@id\":\"https:\\\/\\\/www.wrmeadows.com\\\/es\\\/impermeabilizacion-de-un-muro-de-contencion\\\/#breadcrumb\"},\"inLanguage\":\"es\",\"potentialAction\":[{\"@type\":\"ReadAction\",\"target\":[\"https:\\\/\\\/www.wrmeadows.com\\\/es\\\/impermeabilizacion-de-un-muro-de-contencion\\\/\"]}]},{\"@type\":\"ImageObject\",\"inLanguage\":\"es\",\"@id\":\"https:\\\/\\\/www.wrmeadows.com\\\/es\\\/impermeabilizacion-de-un-muro-de-contencion\\\/#primaryimage\",\"url\":\"https:\\\/\\\/www.wrmeadows.com\\\/wp-content\\\/uploads\\\/retaining-wall-waterproofing.jpg\",\"contentUrl\":\"https:\\\/\\\/www.wrmeadows.com\\\/wp-content\\\/uploads\\\/retaining-wall-waterproofing.jpg\"},{\"@type\":\"BreadcrumbList\",\"@id\":\"https:\\\/\\\/www.wrmeadows.com\\\/es\\\/impermeabilizacion-de-un-muro-de-contencion\\\/#breadcrumb\",\"itemListElement\":[{\"@type\":\"ListItem\",\"position\":1,\"name\":\"Home\",\"item\":\"https:\\\/\\\/www.wrmeadows.com\\\/es\\\/\"},{\"@type\":\"ListItem\",\"position\":2,\"name\":\"Impermeabilizaci\u00f3n de un muro de contenci\u00f3n\"}]},{\"@type\":\"WebSite\",\"@id\":\"https:\\\/\\\/www.wrmeadows.com\\\/es\\\/#website\",\"url\":\"https:\\\/\\\/www.wrmeadows.com\\\/es\\\/\",\"name\":\"W. R. Meadows\",\"description\":\"Concrete Construction Products Manufacturer\",\"publisher\":{\"@id\":\"https:\\\/\\\/www.wrmeadows.com\\\/es\\\/#organization\"},\"potentialAction\":[{\"@type\":\"SearchAction\",\"target\":{\"@type\":\"EntryPoint\",\"urlTemplate\":\"https:\\\/\\\/www.wrmeadows.com\\\/es\\\/?s={search_term_string}\"},\"query-input\":{\"@type\":\"PropertyValueSpecification\",\"valueRequired\":true,\"valueName\":\"search_term_string\"}}],\"inLanguage\":\"es\"},{\"@type\":\"Organization\",\"@id\":\"https:\\\/\\\/www.wrmeadows.com\\\/es\\\/#organization\",\"name\":\"W. R. Meadows\",\"url\":\"https:\\\/\\\/www.wrmeadows.com\\\/es\\\/\",\"logo\":{\"@type\":\"ImageObject\",\"inLanguage\":\"es\",\"@id\":\"https:\\\/\\\/www.wrmeadows.com\\\/es\\\/#\\\/schema\\\/logo\\\/image\\\/\",\"url\":\"https:\\\/\\\/www.wrmeadows.com\\\/wp-content\\\/uploads\\\/logo-3.jpg\",\"contentUrl\":\"https:\\\/\\\/www.wrmeadows.com\\\/wp-content\\\/uploads\\\/logo-3.jpg\",\"width\":709,\"height\":709,\"caption\":\"W. R. Meadows\"},\"image\":{\"@id\":\"https:\\\/\\\/www.wrmeadows.com\\\/es\\\/#\\\/schema\\\/logo\\\/image\\\/\"},\"sameAs\":[\"https:\\\/\\\/www.facebook.com\\\/wrmeadows\",\"https:\\\/\\\/x.com\\\/wrmeadows\",\"https:\\\/\\\/www.linkedin.com\\\/company\\\/w-r-meadows-inc\",\"https:\\\/\\\/www.youtube.com\\\/WrmeadowsTraining\",\"https:\\\/\\\/www.instagram.com\\\/wrmeadowsinc\\\/\"]}]}<\/script>\n<!-- \/ Yoast SEO Premium plugin. -->","yoast_head_json":{"title":"Impermeabilizaci\u00f3n de un muro de contenci\u00f3n - W. R. Meadows","robots":{"index":"index","follow":"follow","max-snippet":"max-snippet:-1","max-image-preview":"max-image-preview:large","max-video-preview":"max-video-preview:-1"},"canonical":"https:\/\/www.wrmeadows.com\/es\/impermeabilizacion-de-un-muro-de-contencion\/","og_locale":"en_US","og_type":"article","og_title":"Impermeabilizaci\u00f3n de un muro de contenci\u00f3n","og_url":"https:\/\/www.wrmeadows.com\/es\/impermeabilizacion-de-un-muro-de-contencion\/","og_site_name":"W. R. Meadows","article_publisher":"https:\/\/www.facebook.com\/wrmeadows","article_modified_time":"2023-10-10T21:37:46+00:00","og_image":[{"url":"https:\/\/www.wrmeadows.com\/wp-content\/uploads\/retaining-wall-waterproofing.jpg","type":"","width":"","height":""}],"twitter_card":"summary_large_image","twitter_site":"@wrmeadows","twitter_misc":{"Tiempo de lectura":"5 minutos"},"schema":{"@context":"https:\/\/schema.org","@graph":[{"@type":"WebPage","@id":"https:\/\/www.wrmeadows.com\/es\/impermeabilizacion-de-un-muro-de-contencion\/","url":"https:\/\/www.wrmeadows.com\/es\/impermeabilizacion-de-un-muro-de-contencion\/","name":"Impermeabilizaci\u00f3n de un muro de contenci\u00f3n - W. R. Meadows","isPartOf":{"@id":"https:\/\/www.wrmeadows.com\/es\/#website"},"primaryImageOfPage":{"@id":"https:\/\/www.wrmeadows.com\/es\/impermeabilizacion-de-un-muro-de-contencion\/#primaryimage"},"image":{"@id":"https:\/\/www.wrmeadows.com\/es\/impermeabilizacion-de-un-muro-de-contencion\/#primaryimage"},"thumbnailUrl":"https:\/\/www.wrmeadows.com\/wp-content\/uploads\/retaining-wall-waterproofing.jpg","datePublished":"2023-10-10T21:36:12+00:00","dateModified":"2023-10-10T21:37:46+00:00","breadcrumb":{"@id":"https:\/\/www.wrmeadows.com\/es\/impermeabilizacion-de-un-muro-de-contencion\/#breadcrumb"},"inLanguage":"es","potentialAction":[{"@type":"ReadAction","target":["https:\/\/www.wrmeadows.com\/es\/impermeabilizacion-de-un-muro-de-contencion\/"]}]},{"@type":"ImageObject","inLanguage":"es","@id":"https:\/\/www.wrmeadows.com\/es\/impermeabilizacion-de-un-muro-de-contencion\/#primaryimage","url":"https:\/\/www.wrmeadows.com\/wp-content\/uploads\/retaining-wall-waterproofing.jpg","contentUrl":"https:\/\/www.wrmeadows.com\/wp-content\/uploads\/retaining-wall-waterproofing.jpg"},{"@type":"BreadcrumbList","@id":"https:\/\/www.wrmeadows.com\/es\/impermeabilizacion-de-un-muro-de-contencion\/#breadcrumb","itemListElement":[{"@type":"ListItem","position":1,"name":"Home","item":"https:\/\/www.wrmeadows.com\/es\/"},{"@type":"ListItem","position":2,"name":"Impermeabilizaci\u00f3n de un muro de contenci\u00f3n"}]},{"@type":"WebSite","@id":"https:\/\/www.wrmeadows.com\/es\/#website","url":"https:\/\/www.wrmeadows.com\/es\/","name":"W. R. Meadows","description":"Concrete Construction Products Manufacturer","publisher":{"@id":"https:\/\/www.wrmeadows.com\/es\/#organization"},"potentialAction":[{"@type":"SearchAction","target":{"@type":"EntryPoint","urlTemplate":"https:\/\/www.wrmeadows.com\/es\/?s={search_term_string}"},"query-input":{"@type":"PropertyValueSpecification","valueRequired":true,"valueName":"search_term_string"}}],"inLanguage":"es"},{"@type":"Organization","@id":"https:\/\/www.wrmeadows.com\/es\/#organization","name":"W. R. Meadows","url":"https:\/\/www.wrmeadows.com\/es\/","logo":{"@type":"ImageObject","inLanguage":"es","@id":"https:\/\/www.wrmeadows.com\/es\/#\/schema\/logo\/image\/","url":"https:\/\/www.wrmeadows.com\/wp-content\/uploads\/logo-3.jpg","contentUrl":"https:\/\/www.wrmeadows.com\/wp-content\/uploads\/logo-3.jpg","width":709,"height":709,"caption":"W. R. Meadows"},"image":{"@id":"https:\/\/www.wrmeadows.com\/es\/#\/schema\/logo\/image\/"},"sameAs":["https:\/\/www.facebook.com\/wrmeadows","https:\/\/x.com\/wrmeadows","https:\/\/www.linkedin.com\/company\/w-r-meadows-inc","https:\/\/www.youtube.com\/WrmeadowsTraining","https:\/\/www.instagram.com\/wrmeadowsinc\/"]}]}},"_links":{"self":[{"href":"https:\/\/www.wrmeadows.com\/es\/wp-json\/wp\/v2\/pages\/62141","targetHints":{"allow":["GET"]}}],"collection":[{"href":"https:\/\/www.wrmeadows.com\/es\/wp-json\/wp\/v2\/pages"}],"about":[{"href":"https:\/\/www.wrmeadows.com\/es\/wp-json\/wp\/v2\/types\/page"}],"author":[{"embeddable":true,"href":"https:\/\/www.wrmeadows.com\/es\/wp-json\/wp\/v2\/users\/1"}],"replies":[{"embeddable":true,"href":"https:\/\/www.wrmeadows.com\/es\/wp-json\/wp\/v2\/comments?post=62141"}],"version-history":[{"count":0,"href":"https:\/\/www.wrmeadows.com\/es\/wp-json\/wp\/v2\/pages\/62141\/revisions"}],"wp:attachment":[{"href":"https:\/\/www.wrmeadows.com\/es\/wp-json\/wp\/v2\/media?parent=62141"}],"curies":[{"name":"wp","href":"https:\/\/api.w.org\/{rel}","templated":true}]}}